{"id":77,"date":"2021-01-30T21:18:00","date_gmt":"2021-01-30T20:18:00","guid":{"rendered":"https:\/\/alicex.es\/tienda\/?post_type=product&#038;p=77"},"modified":"2024-06-06T22:04:26","modified_gmt":"2024-06-06T20:04:26","slug":"pate-pedro-ximenez-jerecitos-lata-250g","status":"publish","type":"product","link":"https:\/\/alicex.es\/tienda\/producto\/pate-pedro-ximenez-jerecitos-lata-250g\/","title":{"rendered":"Pat\u00e9 ib\u00e9rico al Pedro Xim\u00e9nez Jerecitos lata 250g"},"content":{"rendered":"<h4>Pat\u00e9 ib\u00e9rico al Pedro Xim\u00e9nez Jerecitos en lata de 250 gramos.<\/h4>\n<p>A nuestro producto estrella, el\u00a0<a href=\"https:\/\/alicex.es\/tienda\/producto\/monodosis-pate-iberico-jerecitos-b45ca\/\">pat\u00e9 ib\u00e9rico Jerecitos<\/a>, que es el m\u00e1s apreciado por los consumidores por su sabor y textura. Le hemos a\u00f1adido el sabroso\u00a0<a href=\"https:\/\/www.sherry.wine\/es\/vinos-de-jerez\/vinos-dulces-naturales\/pedro-ximenez\" target=\"_blank\" rel=\"noopener nofollow\">vino Pedro Xim\u00e9nez<\/a>\u00a0para obtener como resultado un delicioso pat\u00e9 con todo el sabor de la carne del cerdo ib\u00e9rico, especias naturales y el dulce aroma de este vino.<\/p>\n<p>Para untar en la tostada del desayuno, como aperitivo antes de comer o de merienda a media tarde. Nuestro pat\u00e9 ib\u00e9rico al Pedro Xim\u00e9nez es sin duda un delicioso bocado que se endulza al a\u00f1adirle el afamado caldo.<\/p>\n<h4><strong>Ficha T\u00e9cnica.<\/strong><\/h4>\n<p>Ingrdientes: Tocino de cerdo 27%, h\u00edgado de cerdo ib\u00e9rico 14%, h\u00edgado de cerdo 14%, papada de cerdo 14%, agua, <strong>leche<\/strong>, cebolla (cebolla, aceite de oliva, corrector de acidez: \u00e1cido c\u00edtrico), almid\u00f3n, vino Pedro Xim\u00e9nez 3%, sal, pasas 2% (pasas, aceite de girasol), prote\u00edna de <strong>soja<\/strong>, especias, aromas, estabilizantes (difosfatos, polifosfatos), dextrosa, potenciador de sabor: glutamato monos\u00f3dico , antioxidante: ascorbato s\u00f3dico, conservador: nitrito s\u00f3dico, colorante: carm\u00edn, pedro xim\u00e9nez.<\/p>\n<h4><strong>Vida \u00fatil y condiciones de almacenamiento.<\/strong><\/h4>\n<p>La fecha de consumo preferente es de 18 meses. Producto esterilizado. No necesita fr\u00edo, mantener en un lugar fresco y seco.<\/p>\n<h4><strong>Valores nutricionales por 100g.<\/strong><\/h4>\n<p>Grasa (%): 26.84<br \/>\nProte\u00edna (%): 11.79<br \/>\nHumedad (%): 56.84<br \/>\nCenizas (%): 3.36<br \/>\nEnerg\u00eda (kcal\/100g): 293.37<br \/>\nEnerg\u00eda (kJ\/100g): 1226.30<br \/>\nSodio (%): 0.99<br \/>\nAz\u00facares totales (%): 0.95<br \/>\nGrasas saturadas: 39.99<br \/>\nGrasas monosaturadas: 51.72<br \/>\nGrasas poliinsaturadas: 8.27<br \/>\nHidratos de carbono (%): 1.17<\/p>\n","protected":false},"excerpt":{"rendered":"<p>Delicioso <a href=\"https:\/\/alicex.es\/tienda\/producto\/monodosis-pate-iberico-jerecitos-b45ca\/\">pat\u00e9<\/a> elaborado con magro de cerdo ib\u00e9rico. Formato familiar de 250 gramos con abre f\u00e1cil. Venta directa de f\u00e1brica. Precio con iva incluido.<\/p>\n<h4>Pat\u00e9 ib\u00e9rico al Pedro Xim\u00e9nez Jerecitos en lata de 250 gramos.<\/h4>\n<p><span style=\"color: #ff0000;\">Selecciona hasta 10 latas<\/span>\u00a0del mismo sabor o diferentes por s\u00f3lo 4,25\u20ac de gastos de env\u00edo.<\/p>\n<p>Conoce m\u00e1s abajo, toda la informaci\u00f3n sobre este producto.<\/p>\n","protected":false},"featured_media":78,"comment_status":"open","ping_status":"closed","template":"","meta":{"site-sidebar-layout":"default","site-content-layout":"","ast-site-content-layout":"default","site-content-style":"default","site-sidebar-style":"default","ast-global-header-display":"","ast-banner-title-visibility":"","ast-main-header-display":"","ast-hfb-above-header-display":"","ast-hfb-below-header-display":"","ast-hfb-mobile-header-display":"","site-post-title":"","ast-breadcrumbs-content":"","ast-featured-img":"","footer-sml-layout":"","ast-disable-related-posts":"","theme-transparent-header-meta":"","adv-header-id-meta":"","stick-header-meta":"","header-above-stick-meta":"","header-main-stick-meta":"","header-below-stick-meta":"","astra-migrate-meta-layouts":"default","ast-page-background-enabled":"default","ast-page-background-meta":{"desktop":{"background-color":"var(--ast-global-color-4)","background-image":"","background-repeat":"repeat","background-position":"center center","background-size":"auto","background-attachment":"scroll","background-type":"","background-media":"","overlay-type":"","overlay-color":"","overlay-opacity":"","overlay-gradient":""},"tablet":{"background-color":"","background-image":"","background-repeat":"repeat","background-position":"center center","background-size":"auto","background-attachment":"scroll","background-type":"","background-media":"","overlay-type":"","overlay-color":"","overlay-opacity":"","overlay-gradient":""},"mobile":{"background-color":"","background-image":"","background-repeat":"repeat","background-position":"center center","background-size":"auto","background-attachment":"scroll","background-type":"","background-media":"","overlay-type":"","overlay-color":"","overlay-opacity":"","overlay-gradient":""}},"ast-content-background-meta":{"desktop":{"background-color":"var(--ast-global-color-5)","background-image":"","background-repeat":"repeat","background-position":"center center","background-size":"auto","background-attachment":"scroll","background-type":"","background-media":"","overlay-type":"","overlay-color":"","overlay-opacity":"","overlay-gradient":""},"tablet":{"background-color":"var(--ast-global-color-5)","background-image":"","background-repeat":"repeat","background-position":"center center","background-size":"auto","background-attachment":"scroll","background-type":"","background-media":"","overlay-type":"","overlay-color":"","overlay-opacity":"","overlay-gradient":""},"mobile":{"background-color":"var(--ast-global-color-5)","background-image":"","background-repeat":"repeat","background-position":"center center","background-size":"auto","background-attachment":"scroll","background-type":"","background-media":"","overlay-type":"","overlay-color":"","overlay-opacity":"","overlay-gradient":""}}},"product_brand":[],"product_cat":[17],"product_tag":[20,21],"class_list":{"0":"post-77","1":"product","2":"type-product","3":"status-publish","4":"has-post-thumbnail","6":"product_cat-latas","7":"product_tag-jerecitos","8":"product_tag-latas","9":"product_shipping_class-envio-l250","10":"desktop-align-left","11":"tablet-align-left","12":"mobile-align-left","14":"first","15":"instock","16":"shipping-taxable","17":"purchasable","18":"product-type-simple"},"blog_post_layout_featured_media_urls":{"thumbnail":["https:\/\/alicex.es\/tienda\/wp-content\/uploads\/2021\/01\/lata-pate-iberico-pedro-ximenez-250-gramos-150x150.jpg",150,150,true],"full":["https:\/\/alicex.es\/tienda\/wp-content\/uploads\/2021\/01\/lata-pate-iberico-pedro-ximenez-250-gramos.jpg",600,800,false]},"categories":null,"categories_names":null,"comments_number":"0","_links":{"self":[{"href":"https:\/\/alicex.es\/tienda\/wp-json\/wp\/v2\/product\/77","targetHints":{"allow":["GET"]}}],"collection":[{"href":"https:\/\/alicex.es\/tienda\/wp-json\/wp\/v2\/product"}],"about":[{"href":"https:\/\/alicex.es\/tienda\/wp-json\/wp\/v2\/types\/product"}],"replies":[{"embeddable":true,"href":"https:\/\/alicex.es\/tienda\/wp-json\/wp\/v2\/comments?post=77"}],"wp:featuredmedia":[{"embeddable":true,"href":"https:\/\/alicex.es\/tienda\/wp-json\/wp\/v2\/media\/78"}],"wp:attachment":[{"href":"https:\/\/alicex.es\/tienda\/wp-json\/wp\/v2\/media?parent=77"}],"wp:term":[{"taxonomy":"product_brand","embeddable":true,"href":"https:\/\/alicex.es\/tienda\/wp-json\/wp\/v2\/product_brand?post=77"},{"taxonomy":"product_cat","embeddable":true,"href":"https:\/\/alicex.es\/tienda\/wp-json\/wp\/v2\/product_cat?post=77"},{"taxonomy":"product_tag","embeddable":true,"href":"https:\/\/alicex.es\/tienda\/wp-json\/wp\/v2\/product_tag?post=77"}],"curies":[{"name":"wp","href":"https:\/\/api.w.org\/{rel}","templated":true}]}}