{"id":69,"date":"2021-01-30T20:57:52","date_gmt":"2021-01-30T19:57:52","guid":{"rendered":"https:\/\/alicex.es\/tienda\/?post_type=product&#038;p=69"},"modified":"2024-06-06T22:07:22","modified_gmt":"2024-06-06T20:07:22","slug":"jamon-curado-jerecitos-lata-250g","status":"publish","type":"product","link":"https:\/\/alicex.es\/tienda\/producto\/jamon-curado-jerecitos-lata-250g\/","title":{"rendered":"Crema de jam\u00f3n curado Jerecitos lata 250g"},"content":{"rendered":"<h4>Crema de jam\u00f3n curado Jerecitos lata 250g<\/h4>\n<p>\u00a1Prodr\u00eda estar todo el d\u00eda comiendo jam\u00f3n!<\/p>\n<p>Y nosotros no te lo vamos a impedir. Es m\u00e1s, vamos a ayudarte a que puedas hacerlo en cualquier momento del d\u00eda. Si adem\u00e1s de disfrutar de la calidad y\u00a0<a href=\"https:\/\/www.infosalus.com\/nutricion\/noticia-beneficios-jamon-salud-iberico-serrano-ambos-20171223072933.html\" target=\"_blank\" rel=\"noopener nofollow\">beneficios para la salud<\/a>\u00a0de una\u00a0<a href=\"https:\/\/alicex.es\/tienda\/categoria-producto\/jamones\/\">pata de jam\u00f3n ib\u00e9rico de Extremadura<\/a>\u00a0quieres hacerlo en el desayuno, como aperitivo o en la merienda de los ni\u00f1os, este es el producto que estabas buscando.<\/p>\n<p>Una suave y sabrosa crema f\u00e1cil de unter con todo el sabor del jam\u00f3n ib\u00e9rico de Extremaudura que elaboramos y envasamos en mondosis de aluminio 100% reciclables para que puedas puedas utilizar cuando quieras.<\/p>\n<p><strong>Ficha T\u00e9cnica.<\/strong><\/p>\n<p>Fiambre de carne de cerdo.<\/p>\n<p>INGREDIENTES: Fiambre de carne de cerdo (26%) (carne de cerdo, agua, f\u00e9cula de patata, sal, prote\u00edna de soja, prote\u00edna leche, de az\u00facar, dextrosa de ma\u00edz, lactosa, aromas, estabilizadores E-451, E-407, conservador E-250, antioxidante E-316, potenciador de sabor E-621), aceite de girasol, tocino, jam\u00f3n de cerdo (10.3%), sal, antioxidante: E-301,\u00a0<strong>leche<\/strong>\u00a0en polvo, almidones, especias naturales, antioxidante: E-331, emulgente: E:451i, E-452i, E:466 y colorante: E-120.\u00a0<strong>Sin gluten.<\/strong><\/p>\n<h4><strong>Vida \u00fatil y condiciones de almacenamiento.<\/strong><\/h4>\n<p>La fecha de consumo preferente es de 18 meses. Producto esterilizado. No necesita fr\u00edo, mantener en un lugar fresco y seco.<\/p>\n<h4><strong>Valores nutricionales por 100g.<\/strong><\/h4>\n<p>Grasa (%): 56.02<br \/>\nProte\u00edna (%): 7.52<br \/>\nHumedad (%): 47.51<br \/>\nCenizas (%): 2.64<br \/>\nEnerg\u00eda (kcal\/100g): 534.27<br \/>\nEnerg\u00eda (kJ\/100g): 2233.27<br \/>\nSodio (%): 0.85<br \/>\nAz\u00facares totales (%): 2.58<br \/>\nGrasas saturadas: 29.61<br \/>\nGrasas monosaturadas: 44.05<br \/>\nGrasas poliinsaturadas: 26.30<br \/>\nHidratos de carbono (%): 0<\/p>\n","protected":false},"excerpt":{"rendered":"<p>Deliciosa crema de jam\u00f3n curado para untar en tostadas o para bocadillos. Formato familiar de 250 gramos con abre f\u00e1cil. Venta directa de f\u00e1brica. Precio con iva incluido.<\/p>\n<h4>Crema de jam\u00f3n curado Jerecitos lata 250g<\/h4>\n<p><span style=\"color: #ff0000;\">Selecciona hasta 10 latas<\/span>\u00a0del mismo sabor o diferentes por s\u00f3lo 4,25\u20ac de gastos de env\u00edo.<\/p>\n<p>Conoce m\u00e1s abajo, toda la informaci\u00f3n sobre este producto<\/p>\n","protected":false},"featured_media":70,"comment_status":"open","ping_status":"closed","template":"","meta":{"site-sidebar-layout":"default","site-content-layout":"","ast-site-content-layout":"default","site-content-style":"default","site-sidebar-style":"default","ast-global-header-display":"","ast-banner-title-visibility":"","ast-main-header-display":"","ast-hfb-above-header-display":"","ast-hfb-below-header-display":"","ast-hfb-mobile-header-display":"","site-post-title":"","ast-breadcrumbs-content":"","ast-featured-img":"","footer-sml-layout":"","ast-disable-related-posts":"","theme-transparent-header-meta":"","adv-header-id-meta":"","stick-header-meta":"","header-above-stick-meta":"","header-main-stick-meta":"","header-below-stick-meta":"","astra-migrate-meta-layouts":"default","ast-page-background-enabled":"default","ast-page-background-meta":{"desktop":{"background-color":"var(--ast-global-color-4)","background-image":"","background-repeat":"repeat","background-position":"center center","background-size":"auto","background-attachment":"scroll","background-type":"","background-media":"","overlay-type":"","overlay-color":"","overlay-opacity":"","overlay-gradient":""},"tablet":{"background-color":"","background-image":"","background-repeat":"repeat","background-position":"center center","background-size":"auto","background-attachment":"scroll","background-type":"","background-media":"","overlay-type":"","overlay-color":"","overlay-opacity":"","overlay-gradient":""},"mobile":{"background-color":"","background-image":"","background-repeat":"repeat","background-position":"center center","background-size":"auto","background-attachment":"scroll","background-type":"","background-media":"","overlay-type":"","overlay-color":"","overlay-opacity":"","overlay-gradient":""}},"ast-content-background-meta":{"desktop":{"background-color":"var(--ast-global-color-5)","background-image":"","background-repeat":"repeat","background-position":"center center","background-size":"auto","background-attachment":"scroll","background-type":"","background-media":"","overlay-type":"","overlay-color":"","overlay-opacity":"","overlay-gradient":""},"tablet":{"background-color":"var(--ast-global-color-5)","background-image":"","background-repeat":"repeat","background-position":"center center","background-size":"auto","background-attachment":"scroll","background-type":"","background-media":"","overlay-type":"","overlay-color":"","overlay-opacity":"","overlay-gradient":""},"mobile":{"background-color":"var(--ast-global-color-5)","background-image":"","background-repeat":"repeat","background-position":"center center","background-size":"auto","background-attachment":"scroll","background-type":"","background-media":"","overlay-type":"","overlay-color":"","overlay-opacity":"","overlay-gradient":""}}},"product_brand":[],"product_cat":[17],"product_tag":[20,21],"class_list":{"0":"post-69","1":"product","2":"type-product","3":"status-publish","4":"has-post-thumbnail","6":"product_cat-latas","7":"product_tag-jerecitos","8":"product_tag-latas","9":"product_shipping_class-envio-l250","10":"desktop-align-left","11":"tablet-align-left","12":"mobile-align-left","14":"first","15":"instock","16":"shipping-taxable","17":"purchasable","18":"product-type-simple"},"blog_post_layout_featured_media_urls":{"thumbnail":["https:\/\/alicex.es\/tienda\/wp-content\/uploads\/2021\/01\/lata-jamon-curado-jerecitos-250-gramos-150x150.jpg",150,150,true],"full":["https:\/\/alicex.es\/tienda\/wp-content\/uploads\/2021\/01\/lata-jamon-curado-jerecitos-250-gramos.jpg",600,800,false]},"categories":null,"categories_names":null,"comments_number":"0","_links":{"self":[{"href":"https:\/\/alicex.es\/tienda\/wp-json\/wp\/v2\/product\/69","targetHints":{"allow":["GET"]}}],"collection":[{"href":"https:\/\/alicex.es\/tienda\/wp-json\/wp\/v2\/product"}],"about":[{"href":"https:\/\/alicex.es\/tienda\/wp-json\/wp\/v2\/types\/product"}],"replies":[{"embeddable":true,"href":"https:\/\/alicex.es\/tienda\/wp-json\/wp\/v2\/comments?post=69"}],"wp:featuredmedia":[{"embeddable":true,"href":"https:\/\/alicex.es\/tienda\/wp-json\/wp\/v2\/media\/70"}],"wp:attachment":[{"href":"https:\/\/alicex.es\/tienda\/wp-json\/wp\/v2\/media?parent=69"}],"wp:term":[{"taxonomy":"product_brand","embeddable":true,"href":"https:\/\/alicex.es\/tienda\/wp-json\/wp\/v2\/product_brand?post=69"},{"taxonomy":"product_cat","embeddable":true,"href":"https:\/\/alicex.es\/tienda\/wp-json\/wp\/v2\/product_cat?post=69"},{"taxonomy":"product_tag","embeddable":true,"href":"https:\/\/alicex.es\/tienda\/wp-json\/wp\/v2\/product_tag?post=69"}],"curies":[{"name":"wp","href":"https:\/\/api.w.org\/{rel}","templated":true}]}}