{"id":65,"date":"2021-01-30T20:51:48","date_gmt":"2021-01-30T19:51:48","guid":{"rendered":"https:\/\/alicex.es\/tienda\/?post_type=product&#038;p=65"},"modified":"2024-06-06T22:08:28","modified_gmt":"2024-06-06T20:08:28","slug":"jamon-york-jerecitos-lata-250g","status":"publish","type":"product","link":"https:\/\/alicex.es\/tienda\/producto\/jamon-york-jerecitos-lata-250g\/","title":{"rendered":"Crema de jam\u00f3n york Jerecitos lata 250g"},"content":{"rendered":"<h4>Crema de jam\u00f3n york Jerecitos lata 250g<\/h4>\n<p>Este es uno de nuestros productos estrella junto al\u00a0<a href=\"https:\/\/alicex.es\/tienda\/producto\/monodosis-pate-iberico-jerecitos-b45ca\/\">pat\u00e9 ib\u00e9rico Jerecitos<\/a>. La opini\u00f3n de nuestros distribuidores es un\u00e1nime, son los productos m\u00e1s demandados por los consumidores. As\u00ed que si no sabe cual elegir de nuestra variada\u00a0<a href=\"https:\/\/alicex.es\/monodosis-jerecitos\/\">gama de sabores<\/a>, aqu\u00ed tiene una buena recomendaci\u00f3n.<\/p>\n<p>Nuestra crema de jam\u00f3n york, que fabricamos con materias primas de primera\u00a0<a href=\"https:\/\/alimentos.org.es\/jamon-cocido\" target=\"_blank\" rel=\"noopener nofollow\">calidad<\/a>, es de sabor dulce y tiene una textura fina para que sea muy f\u00e1cil untarla en pan. Es ideal para desayunos o meriendas y aseguramos que los m\u00e1s peque\u00f1os ser\u00e1n los primeros en disfrutar con ella.<\/p>\n<h4><strong>Ficha T\u00e9cnica.<\/strong><\/h4>\n<p>Crema de Fiambre de carne de cerdo. INGREDIENTES: Fiambre de carne de cerdo (52%) (carne de cerdo, agua, f\u00e9cula de patata, sal, prote\u00edna de soja, prote\u00edna de leche, az\u00facar, dextrosa de ma\u00edz, lactosa, aromas, estabilizadores E-451, E-407, conservador E-250, antioxidante E-316, potenciador de sabor E-621), leche, aceite de girasol, especias, estabilizadores E-466, E-451, E-452, antioxidanteE-331, E-301,<br \/>\nmaltodextrina y colorante E-120.\u00a0<strong>Sin gluten.<\/strong><\/p>\n<h4><strong>Vida \u00fatil y condiciones de almacenamiento.<\/strong><\/h4>\n<p>La fecha de consumo preferente es de 18 meses. Producto esterilizado. No necesita fr\u00edo, mantener en un lugar fresco y seco.<\/p>\n<h4><strong>Valores nutricionales por 100g.<\/strong><\/h4>\n<p>Valor energ\u00e9tico\/Energy:<br \/>\n318.00Kcal \/ 1.330.00KJ<br \/>\nGrasas\/Fat: 18.00g<br \/>\nde las cuales:\/of which:<br \/>\nSaturadas\/Saturates: 3.00g<br \/>\nHidratos de carbono:\/<br \/>\nCarbohydrate: 7.00g<br \/>\nde las cuales:\/of which:<br \/>\nAzucares:\/Sugars: 3.00g<br \/>\nProteinas:\/Protein: 8.00g<br \/>\nSal:\/Salt: 1.00g<\/p>\n","protected":false},"excerpt":{"rendered":"<p>Suave crema de jam\u00f3n york para untar en tostadas y bocadillos. Formato familiar de 250 gramos con abre f\u00e1cil. Venta directa de f\u00e1brica. Precio con iva incluido.<\/p>\n<h4>Crema de jam\u00f3n york Jerecitos lata 250g<\/h4>\n<p><span style=\"color: #ff0000;\">Selecciona hasta 10 latas<\/span>\u00a0del mismo sabor o diferentes por s\u00f3lo 4,25\u20ac de gastos de env\u00edo.<\/p>\n<p>Conoce m\u00e1s abajo, toda la informaci\u00f3n sobre este producto<\/p>\n","protected":false},"featured_media":66,"comment_status":"open","ping_status":"closed","template":"","meta":{"site-sidebar-layout":"default","site-content-layout":"","ast-site-content-layout":"default","site-content-style":"default","site-sidebar-style":"default","ast-global-header-display":"","ast-banner-title-visibility":"","ast-main-header-display":"","ast-hfb-above-header-display":"","ast-hfb-below-header-display":"","ast-hfb-mobile-header-display":"","site-post-title":"","ast-breadcrumbs-content":"","ast-featured-img":"","footer-sml-layout":"","ast-disable-related-posts":"","theme-transparent-header-meta":"","adv-header-id-meta":"","stick-header-meta":"","header-above-stick-meta":"","header-main-stick-meta":"","header-below-stick-meta":"","astra-migrate-meta-layouts":"default","ast-page-background-enabled":"default","ast-page-background-meta":{"desktop":{"background-color":"var(--ast-global-color-4)","background-image":"","background-repeat":"repeat","background-position":"center center","background-size":"auto","background-attachment":"scroll","background-type":"","background-media":"","overlay-type":"","overlay-color":"","overlay-opacity":"","overlay-gradient":""},"tablet":{"background-color":"","background-image":"","background-repeat":"repeat","background-position":"center center","background-size":"auto","background-attachment":"scroll","background-type":"","background-media":"","overlay-type":"","overlay-color":"","overlay-opacity":"","overlay-gradient":""},"mobile":{"background-color":"","background-image":"","background-repeat":"repeat","background-position":"center center","background-size":"auto","background-attachment":"scroll","background-type":"","background-media":"","overlay-type":"","overlay-color":"","overlay-opacity":"","overlay-gradient":""}},"ast-content-background-meta":{"desktop":{"background-color":"var(--ast-global-color-5)","background-image":"","background-repeat":"repeat","background-position":"center center","background-size":"auto","background-attachment":"scroll","background-type":"","background-media":"","overlay-type":"","overlay-color":"","overlay-opacity":"","overlay-gradient":""},"tablet":{"background-color":"var(--ast-global-color-5)","background-image":"","background-repeat":"repeat","background-position":"center center","background-size":"auto","background-attachment":"scroll","background-type":"","background-media":"","overlay-type":"","overlay-color":"","overlay-opacity":"","overlay-gradient":""},"mobile":{"background-color":"var(--ast-global-color-5)","background-image":"","background-repeat":"repeat","background-position":"center center","background-size":"auto","background-attachment":"scroll","background-type":"","background-media":"","overlay-type":"","overlay-color":"","overlay-opacity":"","overlay-gradient":""}}},"product_brand":[],"product_cat":[17],"product_tag":[20,21],"class_list":{"0":"post-65","1":"product","2":"type-product","3":"status-publish","4":"has-post-thumbnail","6":"product_cat-latas","7":"product_tag-jerecitos","8":"product_tag-latas","9":"product_shipping_class-envio-l250","10":"desktop-align-left","11":"tablet-align-left","12":"mobile-align-left","14":"first","15":"instock","16":"shipping-taxable","17":"purchasable","18":"product-type-simple"},"blog_post_layout_featured_media_urls":{"thumbnail":["https:\/\/alicex.es\/tienda\/wp-content\/uploads\/2021\/01\/lata-crema-york-jerecitos-250-gramos-150x150.jpg",150,150,true],"full":["https:\/\/alicex.es\/tienda\/wp-content\/uploads\/2021\/01\/lata-crema-york-jerecitos-250-gramos.jpg",600,800,false]},"categories":null,"categories_names":null,"comments_number":"0","_links":{"self":[{"href":"https:\/\/alicex.es\/tienda\/wp-json\/wp\/v2\/product\/65","targetHints":{"allow":["GET"]}}],"collection":[{"href":"https:\/\/alicex.es\/tienda\/wp-json\/wp\/v2\/product"}],"about":[{"href":"https:\/\/alicex.es\/tienda\/wp-json\/wp\/v2\/types\/product"}],"replies":[{"embeddable":true,"href":"https:\/\/alicex.es\/tienda\/wp-json\/wp\/v2\/comments?post=65"}],"wp:featuredmedia":[{"embeddable":true,"href":"https:\/\/alicex.es\/tienda\/wp-json\/wp\/v2\/media\/66"}],"wp:attachment":[{"href":"https:\/\/alicex.es\/tienda\/wp-json\/wp\/v2\/media?parent=65"}],"wp:term":[{"taxonomy":"product_brand","embeddable":true,"href":"https:\/\/alicex.es\/tienda\/wp-json\/wp\/v2\/product_brand?post=65"},{"taxonomy":"product_cat","embeddable":true,"href":"https:\/\/alicex.es\/tienda\/wp-json\/wp\/v2\/product_cat?post=65"},{"taxonomy":"product_tag","embeddable":true,"href":"https:\/\/alicex.es\/tienda\/wp-json\/wp\/v2\/product_tag?post=65"}],"curies":[{"name":"wp","href":"https:\/\/api.w.org\/{rel}","templated":true}]}}