{"id":63,"date":"2021-01-30T20:39:22","date_gmt":"2021-01-30T19:39:22","guid":{"rendered":"https:\/\/alicex.es\/tienda\/?post_type=product&#038;p=63"},"modified":"2024-06-06T22:08:58","modified_gmt":"2024-06-06T20:08:58","slug":"pate-iberico-jerecitos-lata-250g","status":"publish","type":"product","link":"https:\/\/alicex.es\/tienda\/producto\/pate-iberico-jerecitos-lata-250g\/","title":{"rendered":"Pat\u00e9 ib\u00e9rico Jerecitos lata 250g"},"content":{"rendered":"<h4>Pat\u00e9 ib\u00e9rico Jerecitos en lata de 250 gramos.<\/h4>\n<p>El pat\u00e9 de h\u00edgado de cerdo que elaboramos en <a href=\"https:\/\/alicex.es\/\">Alicex<\/a> es de mejor calidad que el resto de pat\u00e9s de marcas m\u00e1s conocidas.<\/p>\n<p>Y el secreto est\u00e1 en la <a href=\"https:\/\/www.iberico.com\/despiece.php\" rel=\"nofollow noopener\" target=\"_blank\">materia prima<\/a>. A diferencia de otros fabricantes, los pat\u00e9s Jerecitos est\u00e1n elaborados con magro de cerdo ib\u00e9rico, carnes y grasas que nada tienen que ver con las del cerdo de piel blanca criado generalmente en granjas.<\/p>\n<p>Una textura fina y un delicioso sabor caracterizan nuestro pat\u00e9 ib\u00e9rico que aderezado con especias naturales, hace disfrutar cada ma\u00f1ana en el desayuno o en la merienda a ni\u00f1os y mayores.<\/p>\n<p>&nbsp;<\/p>\n<p><strong>Ficha T\u00e9cnica.<\/strong><\/p>\n<p>Ingredientes: Grasa de cerdo ib\u00e9rico, agua, h\u00edgado de cerdo ib\u00e9rico, carne de cerdo ib\u00e9rico, sal, <strong>caseinatos<\/strong>, especias,\u00a0<strong>leche<\/strong>\u00a0en polvo,\u00a0<strong>prote\u00edna l\u00e1ctea<\/strong>,\u00a0<strong>lactosa<\/strong>, dextrosa, emulgente E-451 y E-452, conservador E-250, antioxidante E-301 y E-331i y aroma.<\/p>\n<p>Al\u00e9rgenos: Apto para todas las personas excepto al\u00e9rgicos o intolerantes a los al\u00e9rgenos siguientes:\u00a0<strong>lactosa, prote\u00edna l\u00e1ctea<\/strong>.<\/p>\n<p><strong>Vida \u00fatil y condiciones de almacenamiento.<\/strong><\/p>\n<p>La fecha de consumo preferente es de 18 meses. No necesita fr\u00edo, mantener en un lugar fresco y seco.<\/p>\n<p><strong>Valores nutricionales por 100g.<\/strong><\/p>\n<p>Grasa (%): 26.84<br \/>\nProte\u00edna (%): 11.79<br \/>\nHumedad (%): 56.84<br \/>\nCenizas (%): 3.36<br \/>\nEnerg\u00eda (kcal\/100g): 293.37<br \/>\nEnerg\u00eda (kJ\/100g): 1226.30<br \/>\nSodio (%): 0.99<br \/>\nAz\u00facares totales (%): 0.95<br \/>\nGrasas saturadas: 39.99<br \/>\nGrasas monosaturadas: 51.72<br \/>\nGrasas poliinsaturadas: 8.27<br \/>\nHidratos de carbono (%): 1.17<\/p>\n","protected":false},"excerpt":{"rendered":"<p>Delicioso pat\u00e9 elaborado con magro de cerdo ib\u00e9rico en formato familiar de 250 gramos con abre f\u00e1cil. Venta directa de f\u00e1brica. Precio con iva incluido.<\/p>\n<h5>Pat\u00e9 ib\u00e9rico Jerecitos en lata de 250 gramos.<\/h5>\n<p><span style=\"color: #ff0000;\">Selecciona hasta 10 latas<\/span> del mismo sabor o diferentes por s\u00f3lo 4,25\u20ac de gastos de env\u00edo.<\/p>\n<p>Conoce m\u00e1s abajo, toda la informaci\u00f3n sobre este producto<\/p>\n<p>&nbsp;<\/p>\n","protected":false},"featured_media":64,"comment_status":"open","ping_status":"closed","template":"","meta":{"site-sidebar-layout":"default","site-content-layout":"","ast-site-content-layout":"default","site-content-style":"default","site-sidebar-style":"default","ast-global-header-display":"","ast-banner-title-visibility":"","ast-main-header-display":"","ast-hfb-above-header-display":"","ast-hfb-below-header-display":"","ast-hfb-mobile-header-display":"","site-post-title":"","ast-breadcrumbs-content":"","ast-featured-img":"","footer-sml-layout":"","ast-disable-related-posts":"","theme-transparent-header-meta":"","adv-header-id-meta":"","stick-header-meta":"","header-above-stick-meta":"","header-main-stick-meta":"","header-below-stick-meta":"","astra-migrate-meta-layouts":"default","ast-page-background-enabled":"default","ast-page-background-meta":{"desktop":{"background-color":"var(--ast-global-color-4)","background-image":"","background-repeat":"repeat","background-position":"center center","background-size":"auto","background-attachment":"scroll","background-type":"","background-media":"","overlay-type":"","overlay-color":"","overlay-opacity":"","overlay-gradient":""},"tablet":{"background-color":"","background-image":"","background-repeat":"repeat","background-position":"center center","background-size":"auto","background-attachment":"scroll","background-type":"","background-media":"","overlay-type":"","overlay-color":"","overlay-opacity":"","overlay-gradient":""},"mobile":{"background-color":"","background-image":"","background-repeat":"repeat","background-position":"center center","background-size":"auto","background-attachment":"scroll","background-type":"","background-media":"","overlay-type":"","overlay-color":"","overlay-opacity":"","overlay-gradient":""}},"ast-content-background-meta":{"desktop":{"background-color":"var(--ast-global-color-5)","background-image":"","background-repeat":"repeat","background-position":"center center","background-size":"auto","background-attachment":"scroll","background-type":"","background-media":"","overlay-type":"","overlay-color":"","overlay-opacity":"","overlay-gradient":""},"tablet":{"background-color":"var(--ast-global-color-5)","background-image":"","background-repeat":"repeat","background-position":"center center","background-size":"auto","background-attachment":"scroll","background-type":"","background-media":"","overlay-type":"","overlay-color":"","overlay-opacity":"","overlay-gradient":""},"mobile":{"background-color":"var(--ast-global-color-5)","background-image":"","background-repeat":"repeat","background-position":"center center","background-size":"auto","background-attachment":"scroll","background-type":"","background-media":"","overlay-type":"","overlay-color":"","overlay-opacity":"","overlay-gradient":""}}},"product_brand":[],"product_cat":[17],"product_tag":[20,21],"class_list":{"0":"post-63","1":"product","2":"type-product","3":"status-publish","4":"has-post-thumbnail","6":"product_cat-latas","7":"product_tag-jerecitos","8":"product_tag-latas","9":"product_shipping_class-envio-l250","10":"desktop-align-left","11":"tablet-align-left","12":"mobile-align-left","14":"first","15":"instock","16":"shipping-taxable","17":"purchasable","18":"product-type-simple"},"blog_post_layout_featured_media_urls":{"thumbnail":["https:\/\/alicex.es\/tienda\/wp-content\/uploads\/2021\/01\/lata-pate-iberico-jerecitos-250-gramos-150x150.jpg",150,150,true],"full":["https:\/\/alicex.es\/tienda\/wp-content\/uploads\/2021\/01\/lata-pate-iberico-jerecitos-250-gramos.jpg",640,800,false]},"categories":null,"categories_names":null,"comments_number":"0","_links":{"self":[{"href":"https:\/\/alicex.es\/tienda\/wp-json\/wp\/v2\/product\/63","targetHints":{"allow":["GET"]}}],"collection":[{"href":"https:\/\/alicex.es\/tienda\/wp-json\/wp\/v2\/product"}],"about":[{"href":"https:\/\/alicex.es\/tienda\/wp-json\/wp\/v2\/types\/product"}],"replies":[{"embeddable":true,"href":"https:\/\/alicex.es\/tienda\/wp-json\/wp\/v2\/comments?post=63"}],"wp:featuredmedia":[{"embeddable":true,"href":"https:\/\/alicex.es\/tienda\/wp-json\/wp\/v2\/media\/64"}],"wp:attachment":[{"href":"https:\/\/alicex.es\/tienda\/wp-json\/wp\/v2\/media?parent=63"}],"wp:term":[{"taxonomy":"product_brand","embeddable":true,"href":"https:\/\/alicex.es\/tienda\/wp-json\/wp\/v2\/product_brand?post=63"},{"taxonomy":"product_cat","embeddable":true,"href":"https:\/\/alicex.es\/tienda\/wp-json\/wp\/v2\/product_cat?post=63"},{"taxonomy":"product_tag","embeddable":true,"href":"https:\/\/alicex.es\/tienda\/wp-json\/wp\/v2\/product_tag?post=63"}],"curies":[{"name":"wp","href":"https:\/\/api.w.org\/{rel}","templated":true}]}}