{"id":61,"date":"2021-01-30T20:23:06","date_gmt":"2021-01-30T19:23:06","guid":{"rendered":"https:\/\/alicex.es\/tienda\/?post_type=product&#038;p=61"},"modified":"2024-08-11T13:10:03","modified_gmt":"2024-08-11T11:10:03","slug":"miel-de-flores-natural","status":"publish","type":"product","link":"https:\/\/alicex.es\/tienda\/producto\/miel-de-flores-natural\/","title":{"rendered":"Miel de flores natural"},"content":{"rendered":"<h4>Monodosis de miel de flores natural Jerecitos<\/h4>\n<p>Aut\u00e9ntica y natural miel de Espa\u00f1a envasada en monodosis de aluminio 100% reciclables.<\/p>\n<p>La <a href=\"http:\/\/alicex.es\/monodosis-de-miel-de-flores-jerecitos\/\">miel de flores<\/a> se obtiene del nectar que extraen las abejas de una gran variedad de flores.<\/p>\n<p>Esta miel es perfecta para los que quieren disfrutar con un producto sano y sentir aromas y sabores silvestres. Su color puede variar en intensidad seg\u00fan las zonas y variedades de flores de las que se extrae.<\/p>\n<p>Algunas de las <a href=\"https:\/\/www.elespanol.com\/cocinillas\/recetas\/saludables\/20150714\/beneficios-miel-alimento-propiedades-excelentes\/1000194030597_30.html\" rel=\"nofollow noopener\" target=\"_blank\">propiedades beneficiosas de la miel de flores<\/a> para nuestra salud son contenido en carbohidratos, prote\u00ednas y amino\u00e1cidos, minerales como el calcio, f\u00f3sforo, hierro y magnesio. Tambi\u00e9n nos aporta vitamina C, B y K. Es un potente antis\u00e9ptico y antimicrobiano, rica en antioxidantes y aumenta la cantidad de col\u00e1geno<\/p>\n<h4><strong>Ficha T\u00e9cnica.<\/strong><\/h4>\n<p>Bandeja de cart\u00f3n cerrada con 75 monodosis de 17 gramos cada una.<\/p>\n<p>Bandeja de cart\u00f3n abierta retractilada con 36 monodosis de 17 gramos cada una.<\/p>\n<p>Monodosis de aluminio 100% reciclable esterilizadas con abre f\u00e1cil.<\/p>\n<p>Fecha de caducidad de 18 meses desde el envasado y esterilizaci\u00f3n<\/p>\n<p>No necesita fr\u00edo, mantener en un lugar fresco y seco.<\/p>\n<p>Ingredientes: Miel de flores.<\/p>\n<p>Origen: Espa\u00f1a<\/p>\n<h4><strong>Valores nutricionales por 100g.<\/strong><\/h4>\n<p>Contenidos medios por 100g\/<br \/>\nAverages values for 100g<br \/>\nValor energ\u00e9tico\/Energy:<br \/>\n337.00Kcal \/ 1.408.00KJ<br \/>\nGrasas\/Fat: 0.14g<br \/>\nde las cuales:\/of which:<br \/>\nSaturadas\/Saturates: 0.02g<br \/>\nHidratos de carbono:\/<br \/>\nCarbohydrate: 83.00g<br \/>\nde las cuales:\/of which:<br \/>\nAzucares:\/Sugars: 67.00g<br \/>\nProteinas:\/Protein: 0.64g<br \/>\nSal:\/Salt: 0.03g<\/p>\n<p>&nbsp;<\/p>\n","protected":false},"excerpt":{"rendered":"<p>Monodosis de miel de flores natural para desayunos y aperitivos. En bandeja de 75 o 36 unidades. Precio final, impuestos y env\u00edo inclu\u00eddos.<\/p>\n<p>Consulta toda la informaci\u00f3n de este producto m\u00e1s abajo.<\/p>\n","protected":false},"featured_media":1222,"comment_status":"open","ping_status":"closed","template":"","meta":{"site-sidebar-layout":"default","site-content-layout":"","ast-site-content-layout":"default","site-content-style":"default","site-sidebar-style":"default","ast-global-header-display":"","ast-banner-title-visibility":"","ast-main-header-display":"","ast-hfb-above-header-display":"","ast-hfb-below-header-display":"","ast-hfb-mobile-header-display":"","site-post-title":"","ast-breadcrumbs-content":"","ast-featured-img":"","footer-sml-layout":"","ast-disable-related-posts":"","theme-transparent-header-meta":"","adv-header-id-meta":"","stick-header-meta":"","header-above-stick-meta":"","header-main-stick-meta":"","header-below-stick-meta":"","astra-migrate-meta-layouts":"default","ast-page-background-enabled":"default","ast-page-background-meta":{"desktop":{"background-color":"var(--ast-global-color-4)","background-image":"","background-repeat":"repeat","background-position":"center center","background-size":"auto","background-attachment":"scroll","background-type":"","background-media":"","overlay-type":"","overlay-color":"","overlay-opacity":"","overlay-gradient":""},"tablet":{"background-color":"","background-image":"","background-repeat":"repeat","background-position":"center center","background-size":"auto","background-attachment":"scroll","background-type":"","background-media":"","overlay-type":"","overlay-color":"","overlay-opacity":"","overlay-gradient":""},"mobile":{"background-color":"","background-image":"","background-repeat":"repeat","background-position":"center center","background-size":"auto","background-attachment":"scroll","background-type":"","background-media":"","overlay-type":"","overlay-color":"","overlay-opacity":"","overlay-gradient":""}},"ast-content-background-meta":{"desktop":{"background-color":"var(--ast-global-color-5)","background-image":"","background-repeat":"repeat","background-position":"center center","background-size":"auto","background-attachment":"scroll","background-type":"","background-media":"","overlay-type":"","overlay-color":"","overlay-opacity":"","overlay-gradient":""},"tablet":{"background-color":"var(--ast-global-color-5)","background-image":"","background-repeat":"repeat","background-position":"center center","background-size":"auto","background-attachment":"scroll","background-type":"","background-media":"","overlay-type":"","overlay-color":"","overlay-opacity":"","overlay-gradient":""},"mobile":{"background-color":"var(--ast-global-color-5)","background-image":"","background-repeat":"repeat","background-position":"center center","background-size":"auto","background-attachment":"scroll","background-type":"","background-media":"","overlay-type":"","overlay-color":"","overlay-opacity":"","overlay-gradient":""}}},"product_brand":[],"product_cat":[76],"product_tag":[18,20],"class_list":{"0":"post-61","1":"product","2":"type-product","3":"status-publish","4":"has-post-thumbnail","6":"product_cat-vegetales-monodosis","7":"product_tag-monodosis","8":"product_tag-jerecitos","9":"product_shipping_class-envio-incluido","10":"desktop-align-left","11":"tablet-align-left","12":"mobile-align-left","14":"first","15":"instock","16":"shipping-taxable","17":"purchasable","18":"product-type-variable"},"blog_post_layout_featured_media_urls":{"thumbnail":["https:\/\/alicex.es\/tienda\/wp-content\/uploads\/2024\/08\/miel-jerecitos-v24-900px-Photoroom-150x150.png",150,150,true],"full":["https:\/\/alicex.es\/tienda\/wp-content\/uploads\/2024\/08\/miel-jerecitos-v24-900px-Photoroom.png",900,900,false]},"categories":null,"categories_names":null,"comments_number":"0","_links":{"self":[{"href":"https:\/\/alicex.es\/tienda\/wp-json\/wp\/v2\/product\/61","targetHints":{"allow":["GET"]}}],"collection":[{"href":"https:\/\/alicex.es\/tienda\/wp-json\/wp\/v2\/product"}],"about":[{"href":"https:\/\/alicex.es\/tienda\/wp-json\/wp\/v2\/types\/product"}],"replies":[{"embeddable":true,"href":"https:\/\/alicex.es\/tienda\/wp-json\/wp\/v2\/comments?post=61"}],"wp:featuredmedia":[{"embeddable":true,"href":"https:\/\/alicex.es\/tienda\/wp-json\/wp\/v2\/media\/1222"}],"wp:attachment":[{"href":"https:\/\/alicex.es\/tienda\/wp-json\/wp\/v2\/media?parent=61"}],"wp:term":[{"taxonomy":"product_brand","embeddable":true,"href":"https:\/\/alicex.es\/tienda\/wp-json\/wp\/v2\/product_brand?post=61"},{"taxonomy":"product_cat","embeddable":true,"href":"https:\/\/alicex.es\/tienda\/wp-json\/wp\/v2\/product_cat?post=61"},{"taxonomy":"product_tag","embeddable":true,"href":"https:\/\/alicex.es\/tienda\/wp-json\/wp\/v2\/product_tag?post=61"}],"curies":[{"name":"wp","href":"https:\/\/api.w.org\/{rel}","templated":true}]}}