{"id":590,"date":"2022-01-23T01:29:14","date_gmt":"2022-01-23T00:29:14","guid":{"rendered":"https:\/\/alicex.es\/tienda\/?post_type=product&#038;p=590"},"modified":"2023-07-10T20:35:13","modified_gmt":"2023-07-10T18:35:13","slug":"surtido-de-pates","status":"publish","type":"product","link":"https:\/\/alicex.es\/tienda\/producto\/surtido-de-pates\/","title":{"rendered":"Surtido de pat\u00e9s personalizado"},"content":{"rendered":"<h4><strong>Surtido de pat\u00e9s Jerecitos.<br \/>\n<\/strong><\/h4>\n<p>Desayunar cada d\u00eda no tiene que ser algo mon\u00f3tono y aburrido. La comida m\u00e1s importante del d\u00eda merece ser disfrutada para empezar la jornada con energia y buen \u00e1nimo.<\/p>\n<p>Elige los sabores que m\u00e1s te gustan a ti y a los tuyos y forma este surtido de pat\u00e9s Jerecitos con 36 monodosis de 23g en total.<\/p>\n<p><a href=\"https:\/\/alicex.es\/tienda\/producto\/monodosis-pate-iberico-jerecitos-b18\/\"><strong>Pat\u00e9 ib\u00e9rico<\/strong><\/a>: Elaborado con jam\u00f3n, h\u00edgado y manteca de cerdo ib\u00e9rico, especias naturales y el saber hacer de la tradicional matanza extreme\u00f1a.Tiene una textura fina, un agradable aroma a especias y un excelente sabor.<\/p>\n<p><a href=\"https:\/\/alicex.es\/tienda\/producto\/monodosis-cachuela-iberica-jerecitos-b18\/\"><strong>Cachuela ib\u00e9rica<\/strong><\/a>: T\u00edpica del sur de Extremadura (caldillo) y la zona m\u00e1s cercana de Andaluc\u00eda. Elaborado con magro y manteca de cerdo, ajo, cebolla, piment\u00f3n y especias naturales. Su aroma y sabor son exquisitos.<\/p>\n<p><a href=\"https:\/\/alicex.es\/tienda\/producto\/monodosis-jamon-curado-jerecitos-b18\/\"><strong>Jam\u00f3n curado<\/strong><\/a>: Untar y disfrutar con el sabor del <a href=\"https:\/\/dehesa-extremadura.com\" target=\"_blank\" rel=\"nofollow noopener\">jam\u00f3n de Extremadura<\/a> en cada bocado que des a tu tostada.<\/p>\n<p><a href=\"https:\/\/alicex.es\/tienda\/producto\/monodosis-jamon-york-jerecitos-b45ca\/\"><strong>Crema de jam\u00f3n york<\/strong><\/a>: A partir del mejor jam\u00f3n dulce elaboramos esta deliciosa mousse para untar en tostadas. Tiene una textura fina, un agradable aroma a especias y un sabor exquisito.<\/p>\n<p><a href=\"https:\/\/alicex.es\/tienda\/producto\/monodosis-de-pavo-jerecitos-b18\/\"><strong>Crema de pavo<\/strong><\/a>: Exquisita crema de pavo para untar en tostadas, suave al paladar, con muy poca grasa y un agradable aroma a especias.<\/p>\n<p><a href=\"https:\/\/alicex.es\/tienda\/producto\/monodosis-tomate-natural-jerecitos-b18\/\"><strong>Tomate natural<\/strong><\/a>: M\u00e1s natural imposible, simplemente tomate natural triturado.<\/p>\n<p><a href=\"https:\/\/alicex.es\/tienda\/producto\/monodosis-zurrapa-blanca-jerecitos-b18\/\"><strong>Zurrapa blanca de lomo<\/strong><\/a>: Un <a href=\"https:\/\/elcomidista.elpais.com\/elcomidista\/2019\/07\/22\/receta\/1563794891_311841.html\" target=\"_blank\" rel=\"nofollow noopener\">producto t\u00edpico del sur de Espa\u00f1a<\/a> que se elabora con carne y manteca de cerdo que se frie y despu\u00e9s se le a\u00f1aden especias naturales como sal, ajo, laurel o pimienta negra.<\/p>\n<p>Todos nuestros productos son <strong><em>SIN GLUTEN<\/em><\/strong><\/p>\n<h4><strong>Ficha T\u00e9cnica.<\/strong><\/h4>\n<p>Bandeja de cart\u00f3n abierta retractilada con 18 monodosis de 23 gramos cada una.<\/p>\n<p>Monodosis de aluminio 100% reciclable esterilizadas con abre f\u00e1cil.<\/p>\n<p>Fecha de caducidad de 18 meses desde el envasado y esterilizaci\u00f3n<\/p>\n<p>No necesita fr\u00edo, mantener en un lugar fresco y seco.<\/p>\n<h4><strong>Surtido de pat\u00e9s personalizado<br \/>\n<\/strong><\/h4>\n<p>36 monodosis de 23g de los sabores que elijas a precio de f\u00e1brica para disfrutar cada d\u00eda en tu desayuno o preparar aperitivos.<\/p>\n","protected":false},"excerpt":{"rendered":"<p>Surtido de pat\u00e9s personalizado para desayunos o regalo. Elige las 2 bandejas de 18 uds que prefieras de entre los sabores disponibles. Precio final, impuestos y env\u00edo inclu\u00eddos.<\/p>\n<p>Consulta toda la informaci\u00f3n de este producto m\u00e1s abajo.<\/p>\n","protected":false},"featured_media":714,"comment_status":"open","ping_status":"closed","template":"","meta":{"site-sidebar-layout":"default","site-content-layout":"","ast-site-content-layout":"default","site-content-style":"default","site-sidebar-style":"default","ast-global-header-display":"","ast-banner-title-visibility":"","ast-main-header-display":"","ast-hfb-above-header-display":"","ast-hfb-below-header-display":"","ast-hfb-mobile-header-display":"","site-post-title":"","ast-breadcrumbs-content":"","ast-featured-img":"","footer-sml-layout":"","ast-disable-related-posts":"","theme-transparent-header-meta":"","adv-header-id-meta":"","stick-header-meta":"","header-above-stick-meta":"","header-main-stick-meta":"","header-below-stick-meta":"","astra-migrate-meta-layouts":"default","ast-page-background-enabled":"default","ast-page-background-meta":{"desktop":{"background-color":"var(--ast-global-color-4)","background-image":"","background-repeat":"repeat","background-position":"center center","background-size":"auto","background-attachment":"scroll","background-type":"","background-media":"","overlay-type":"","overlay-color":"","overlay-opacity":"","overlay-gradient":""},"tablet":{"background-color":"","background-image":"","background-repeat":"repeat","background-position":"center center","background-size":"auto","background-attachment":"scroll","background-type":"","background-media":"","overlay-type":"","overlay-color":"","overlay-opacity":"","overlay-gradient":""},"mobile":{"background-color":"","background-image":"","background-repeat":"repeat","background-position":"center center","background-size":"auto","background-attachment":"scroll","background-type":"","background-media":"","overlay-type":"","overlay-color":"","overlay-opacity":"","overlay-gradient":""}},"ast-content-background-meta":{"desktop":{"background-color":"var(--ast-global-color-5)","background-image":"","background-repeat":"repeat","background-position":"center center","background-size":"auto","background-attachment":"scroll","background-type":"","background-media":"","overlay-type":"","overlay-color":"","overlay-opacity":"","overlay-gradient":""},"tablet":{"background-color":"var(--ast-global-color-5)","background-image":"","background-repeat":"repeat","background-position":"center center","background-size":"auto","background-attachment":"scroll","background-type":"","background-media":"","overlay-type":"","overlay-color":"","overlay-opacity":"","overlay-gradient":""},"mobile":{"background-color":"var(--ast-global-color-5)","background-image":"","background-repeat":"repeat","background-position":"center center","background-size":"auto","background-attachment":"scroll","background-type":"","background-media":"","overlay-type":"","overlay-color":"","overlay-opacity":"","overlay-gradient":""}}},"product_brand":[],"product_cat":[80],"product_tag":[18,19,20,113],"class_list":{"0":"post-590","1":"product","2":"type-product","3":"status-publish","4":"has-post-thumbnail","6":"product_cat-surtidos-monodosis","7":"product_tag-monodosis","8":"product_tag-surtido","9":"product_tag-jerecitos","10":"product_tag-surtido-de-pates","11":"product_shipping_class-envio-incluido","12":"desktop-align-left","13":"tablet-align-left","14":"mobile-align-left","16":"first","17":"instock","18":"shipping-taxable","19":"purchasable","20":"product-type-composite"},"blog_post_layout_featured_media_urls":{"thumbnail":["https:\/\/alicex.es\/tienda\/wp-content\/uploads\/2022\/01\/monodosis-surtido-jerecitos-mas-vendidas-150x150.jpg",150,150,true],"full":["https:\/\/alicex.es\/tienda\/wp-content\/uploads\/2022\/01\/monodosis-surtido-jerecitos-mas-vendidas.jpg",900,900,false]},"categories":null,"categories_names":null,"comments_number":"0","_links":{"self":[{"href":"https:\/\/alicex.es\/tienda\/wp-json\/wp\/v2\/product\/590","targetHints":{"allow":["GET"]}}],"collection":[{"href":"https:\/\/alicex.es\/tienda\/wp-json\/wp\/v2\/product"}],"about":[{"href":"https:\/\/alicex.es\/tienda\/wp-json\/wp\/v2\/types\/product"}],"replies":[{"embeddable":true,"href":"https:\/\/alicex.es\/tienda\/wp-json\/wp\/v2\/comments?post=590"}],"wp:featuredmedia":[{"embeddable":true,"href":"https:\/\/alicex.es\/tienda\/wp-json\/wp\/v2\/media\/714"}],"wp:attachment":[{"href":"https:\/\/alicex.es\/tienda\/wp-json\/wp\/v2\/media?parent=590"}],"wp:term":[{"taxonomy":"product_brand","embeddable":true,"href":"https:\/\/alicex.es\/tienda\/wp-json\/wp\/v2\/product_brand?post=590"},{"taxonomy":"product_cat","embeddable":true,"href":"https:\/\/alicex.es\/tienda\/wp-json\/wp\/v2\/product_cat?post=590"},{"taxonomy":"product_tag","embeddable":true,"href":"https:\/\/alicex.es\/tienda\/wp-json\/wp\/v2\/product_tag?post=590"}],"curies":[{"name":"wp","href":"https:\/\/api.w.org\/{rel}","templated":true}]}}