{"id":576,"date":"2022-01-20T20:37:49","date_gmt":"2022-01-20T19:37:49","guid":{"rendered":"https:\/\/alicex.es\/tienda\/?post_type=product&#038;p=576"},"modified":"2023-07-10T20:49:25","modified_gmt":"2023-07-10T18:49:25","slug":"cacao-con-avellanas","status":"publish","type":"product","link":"https:\/\/alicex.es\/tienda\/producto\/cacao-con-avellanas\/","title":{"rendered":"Cacao con avellanas"},"content":{"rendered":"<h4>Monodosis de cacao con avellanas Jerecitos<\/h4>\n<p>Suave crema de cacao con avellanas para que disfruten tanto mayores como peque\u00f1os. Facil de untar en monodosis de aluminio 100% reciclables de 23 gramos para un consumo moderado. Para que un par de veces a la semana te puedas dar el capricho de disfrutar con un delicioso cacao untado.<\/p>\n<p>El <a class=\"rank-math-link\" href=\"https:\/\/alicex.es\/monodosis-jerecitos\/\">cacao con avellanas Jerecitos<\/a>\u00a0en monodosis de aluminio es una opci\u00f3n perfecta para disfrutar de todas sus\u00a0<a class=\"rank-math-link\" href=\"https:\/\/www.cuerpomente.com\/alimentacion\/superalimentos\/beneficios-cacao_1828\" target=\"_blank\" rel=\"nofollow noopener\">propiedades beneficiosas<\/a>. Como antioxidante, antidepresivo e incluso afrodis\u00edaco el cacao es uno de los mayores placeres gastron\u00f3micos que nos ha dado la naturaleza y del que podemos disfrutar siempre con moderaci\u00f3n.<\/p>\n<h4><strong>Ficha T\u00e9cnica.<\/strong><\/h4>\n<p>Ingredientes: Az\u00facar, aceite vegetal (girasol), cacao en polvo, <strong>lactosuero<\/strong>,\u00a0<strong>lactosa<\/strong>,\u00a0<strong>pasta de avellana<\/strong>, grasa vegetal (palma), emulgente (<strong>lecitina de soja<\/strong>), aroma y vainilla. <strong>Sin gluten<\/strong><\/p>\n<h4><strong>Vida \u00fatil y condiciones de almacenamiento.<\/strong><\/h4>\n<p>La fecha de consumo preferente es de 18 meses. Producto esterilizado. No necesita fr\u00edo, mantener en un lugar fresco y seco.<\/p>\n<h4><strong>Valores nutricionales por 100g.<\/strong><\/h4>\n<p>Valor energ\u00e9tico\/Energy:<br \/>\n535Kcal \/ 2.272KJ<br \/>\nProte\u00ednas: 1,92g<br \/>\nHidratos de carbono: 60,99g<br \/>\nAz\u00facares: 59,97g<br \/>\nFibra: 2,66g<br \/>\nGrasas: 32,22g<br \/>\nde las cuales:<br \/>\nSaturadas: 3,96g<br \/>\nPoliinsaturadas: 29,7g<br \/>\nSal:: 0,09g<\/p>\n","protected":false},"excerpt":{"rendered":"<p>Monodosis de cacao con avellanas Jerecitos para desayunos y meriendas. \u00a0En bandeja de 45 o 18 unidades. Precio final, impuestos y env\u00edo inclu\u00eddos.<\/p>\n<p>Consulta toda la informaci\u00f3n de este producto m\u00e1s abajo.<\/p>\n","protected":false},"featured_media":577,"comment_status":"open","ping_status":"closed","template":"","meta":{"site-sidebar-layout":"default","site-content-layout":"","ast-site-content-layout":"default","site-content-style":"default","site-sidebar-style":"default","ast-global-header-display":"","ast-banner-title-visibility":"","ast-main-header-display":"","ast-hfb-above-header-display":"","ast-hfb-below-header-display":"","ast-hfb-mobile-header-display":"","site-post-title":"","ast-breadcrumbs-content":"","ast-featured-img":"","footer-sml-layout":"","ast-disable-related-posts":"","theme-transparent-header-meta":"","adv-header-id-meta":"","stick-header-meta":"","header-above-stick-meta":"","header-main-stick-meta":"","header-below-stick-meta":"","astra-migrate-meta-layouts":"default","ast-page-background-enabled":"default","ast-page-background-meta":{"desktop":{"background-color":"var(--ast-global-color-4)","background-image":"","background-repeat":"repeat","background-position":"center center","background-size":"auto","background-attachment":"scroll","background-type":"","background-media":"","overlay-type":"","overlay-color":"","overlay-opacity":"","overlay-gradient":""},"tablet":{"background-color":"","background-image":"","background-repeat":"repeat","background-position":"center center","background-size":"auto","background-attachment":"scroll","background-type":"","background-media":"","overlay-type":"","overlay-color":"","overlay-opacity":"","overlay-gradient":""},"mobile":{"background-color":"","background-image":"","background-repeat":"repeat","background-position":"center center","background-size":"auto","background-attachment":"scroll","background-type":"","background-media":"","overlay-type":"","overlay-color":"","overlay-opacity":"","overlay-gradient":""}},"ast-content-background-meta":{"desktop":{"background-color":"var(--ast-global-color-5)","background-image":"","background-repeat":"repeat","background-position":"center center","background-size":"auto","background-attachment":"scroll","background-type":"","background-media":"","overlay-type":"","overlay-color":"","overlay-opacity":"","overlay-gradient":""},"tablet":{"background-color":"var(--ast-global-color-5)","background-image":"","background-repeat":"repeat","background-position":"center center","background-size":"auto","background-attachment":"scroll","background-type":"","background-media":"","overlay-type":"","overlay-color":"","overlay-opacity":"","overlay-gradient":""},"mobile":{"background-color":"var(--ast-global-color-5)","background-image":"","background-repeat":"repeat","background-position":"center center","background-size":"auto","background-attachment":"scroll","background-type":"","background-media":"","overlay-type":"","overlay-color":"","overlay-opacity":"","overlay-gradient":""}}},"product_brand":[],"product_cat":[76],"product_tag":[18,20,83],"class_list":{"0":"post-576","1":"product","2":"type-product","3":"status-publish","4":"has-post-thumbnail","6":"product_cat-vegetales-monodosis","7":"product_tag-monodosis","8":"product_tag-jerecitos","9":"product_tag-cacao","10":"product_shipping_class-envio-incluido","11":"desktop-align-left","12":"tablet-align-left","13":"mobile-align-left","15":"first","16":"outofstock","17":"shipping-taxable","18":"purchasable","19":"product-type-variable"},"blog_post_layout_featured_media_urls":{"thumbnail":["https:\/\/alicex.es\/tienda\/wp-content\/uploads\/2022\/01\/cacao-avellanas-jerecitos-2monod-900px-150x150.jpg",150,150,true],"full":["https:\/\/alicex.es\/tienda\/wp-content\/uploads\/2022\/01\/cacao-avellanas-jerecitos-2monod-900px.jpg",900,900,false]},"categories":null,"categories_names":null,"comments_number":"0","_links":{"self":[{"href":"https:\/\/alicex.es\/tienda\/wp-json\/wp\/v2\/product\/576","targetHints":{"allow":["GET"]}}],"collection":[{"href":"https:\/\/alicex.es\/tienda\/wp-json\/wp\/v2\/product"}],"about":[{"href":"https:\/\/alicex.es\/tienda\/wp-json\/wp\/v2\/types\/product"}],"replies":[{"embeddable":true,"href":"https:\/\/alicex.es\/tienda\/wp-json\/wp\/v2\/comments?post=576"}],"wp:featuredmedia":[{"embeddable":true,"href":"https:\/\/alicex.es\/tienda\/wp-json\/wp\/v2\/media\/577"}],"wp:attachment":[{"href":"https:\/\/alicex.es\/tienda\/wp-json\/wp\/v2\/media?parent=576"}],"wp:term":[{"taxonomy":"product_brand","embeddable":true,"href":"https:\/\/alicex.es\/tienda\/wp-json\/wp\/v2\/product_brand?post=576"},{"taxonomy":"product_cat","embeddable":true,"href":"https:\/\/alicex.es\/tienda\/wp-json\/wp\/v2\/product_cat?post=576"},{"taxonomy":"product_tag","embeddable":true,"href":"https:\/\/alicex.es\/tienda\/wp-json\/wp\/v2\/product_tag?post=576"}],"curies":[{"name":"wp","href":"https:\/\/api.w.org\/{rel}","templated":true}]}}