{"id":57,"date":"2021-01-30T20:12:38","date_gmt":"2021-01-30T19:12:38","guid":{"rendered":"https:\/\/alicex.es\/tienda\/?post_type=product&#038;p=57"},"modified":"2024-08-11T13:11:19","modified_gmt":"2024-08-11T11:11:19","slug":"mermelada-de-melocoton","status":"publish","type":"product","link":"https:\/\/alicex.es\/tienda\/producto\/mermelada-de-melocoton\/","title":{"rendered":"Mermelada de melocot\u00f3n"},"content":{"rendered":"<h4>Monodosis de mermelada de melocot\u00f3n Jerecitos<\/h4>\n<p>Aqu\u00ed puede comprar mermelada online.<\/p>\n<p>La <a href=\"http:\/\/alicex.es\/monodosis-de-mermelada-de-melocoton-jerecitos\/\">mermelada de melocot\u00f3n<\/a> para desayunos y meriendas de Jerecitos mantiene el dulce sabor de la fruta de la que proviene.<\/p>\n<p>Y en el formato de monodosis con abre f\u00e1cil es un producto ideal para acompa\u00f1ar en tus desayunos, tapas y meriendas.<\/p>\n<p>Elaborada a partir de melocotones hechos pur\u00e9, obtenemos un producto que destaca por sus <a href=\"https:\/\/www.cuerpomente.com\/guia-alimentos\/melocoton\" target=\"_blank\" rel=\"noopener nofollow\">propiedades<\/a> como fuente\u00a0 de provitamina A y vitaminas C y E.<\/p>\n<p>Tambi\u00e9n nos aporta minerales como el potasio, f\u00f3sforo, magnesio y hierro, que ayudan a mejorar el tr\u00e1nsito intestinal y la an\u00e9mia.<\/p>\n<p>Mini mermeladas para desayunos, de melocot\u00f3n o de fresa en monodosis de aluminio.<\/p>\n<p>Mini mermeladas para regalar. Tambi\u00e9n son una buena opci\u00f3n para combinar en bolsas y regalar en celebraciones como bodas, bautizos y comuniones.<\/p>\n<h4><strong>Ficha T\u00e9cnica.<\/strong><\/h4>\n<p>Bandeja de cart\u00f3n cerrada con 75 monodosis de 17 gramos cada una.<\/p>\n<p>Bandeja de cart\u00f3n abierta retractilada con 36 monodosis de 17 gramos cada una.<\/p>\n<p>Monodosis de aluminio 100% reciclable esterilizadas con abre f\u00e1cil.<\/p>\n<p>Fecha de caducidad de 18 meses desde el envasado y esterilizaci\u00f3n<\/p>\n<p>No necesita fr\u00edo, mantener en un lugar fresco y seco.<\/p>\n<p>Ingredientes: Az\u00facar, pur\u00e9 de melocot\u00f3n, agua, jarabe de glucosa y fructosa, gelificante: E-440ii, acidulante: E-330, espesante: E-410, conservante: E-202, aroma de melocot\u00f3n y antioxidante: E-300. <strong>Sin gluten<\/strong><\/p>\n<h4><strong>Valores nutricionales por 100g.<\/strong><\/h4>\n<p>Averages values for 100g<br \/>\nValor energ\u00e9tico\/Energy:<br \/>\n160Kcal \/ 38KJ<br \/>\nGrasas\/Fat: 0g<br \/>\nde las cuales:\/of which:<br \/>\nSaturadas\/Saturates: 0g<br \/>\nHidratos de carbono:\/<br \/>\nCarbohydrate: 9.5g<br \/>\nde las cuales:\/of which:<br \/>\nAzucares:\/Sugars: 5.7g<br \/>\nProteinas:\/Protein: 0.6g<br \/>\nSal:\/Salt: 0g<\/p>\n","protected":false},"excerpt":{"rendered":"<p>Mermelada de melocot\u00f3n Jerecitos para desayunos y aperitivos. En bandeja de 75 o 36 unidades. Precio final, impuestos y env\u00edo inclu\u00eddos.<\/p>\n<p>Consulta toda la informaci\u00f3n de este producto m\u00e1s abajo.<\/p>\n","protected":false},"featured_media":1221,"comment_status":"open","ping_status":"closed","template":"","meta":{"site-sidebar-layout":"default","site-content-layout":"","ast-site-content-layout":"default","site-content-style":"default","site-sidebar-style":"default","ast-global-header-display":"","ast-banner-title-visibility":"","ast-main-header-display":"","ast-hfb-above-header-display":"","ast-hfb-below-header-display":"","ast-hfb-mobile-header-display":"","site-post-title":"","ast-breadcrumbs-content":"","ast-featured-img":"","footer-sml-layout":"","ast-disable-related-posts":"","theme-transparent-header-meta":"","adv-header-id-meta":"","stick-header-meta":"","header-above-stick-meta":"","header-main-stick-meta":"","header-below-stick-meta":"","astra-migrate-meta-layouts":"default","ast-page-background-enabled":"default","ast-page-background-meta":{"desktop":{"background-color":"var(--ast-global-color-4)","background-image":"","background-repeat":"repeat","background-position":"center center","background-size":"auto","background-attachment":"scroll","background-type":"","background-media":"","overlay-type":"","overlay-color":"","overlay-opacity":"","overlay-gradient":""},"tablet":{"background-color":"","background-image":"","background-repeat":"repeat","background-position":"center center","background-size":"auto","background-attachment":"scroll","background-type":"","background-media":"","overlay-type":"","overlay-color":"","overlay-opacity":"","overlay-gradient":""},"mobile":{"background-color":"","background-image":"","background-repeat":"repeat","background-position":"center center","background-size":"auto","background-attachment":"scroll","background-type":"","background-media":"","overlay-type":"","overlay-color":"","overlay-opacity":"","overlay-gradient":""}},"ast-content-background-meta":{"desktop":{"background-color":"var(--ast-global-color-5)","background-image":"","background-repeat":"repeat","background-position":"center center","background-size":"auto","background-attachment":"scroll","background-type":"","background-media":"","overlay-type":"","overlay-color":"","overlay-opacity":"","overlay-gradient":""},"tablet":{"background-color":"var(--ast-global-color-5)","background-image":"","background-repeat":"repeat","background-position":"center center","background-size":"auto","background-attachment":"scroll","background-type":"","background-media":"","overlay-type":"","overlay-color":"","overlay-opacity":"","overlay-gradient":""},"mobile":{"background-color":"var(--ast-global-color-5)","background-image":"","background-repeat":"repeat","background-position":"center center","background-size":"auto","background-attachment":"scroll","background-type":"","background-media":"","overlay-type":"","overlay-color":"","overlay-opacity":"","overlay-gradient":""}}},"product_brand":[],"product_cat":[76],"product_tag":[18,20,99],"class_list":{"0":"post-57","1":"product","2":"type-product","3":"status-publish","4":"has-post-thumbnail","6":"product_cat-vegetales-monodosis","7":"product_tag-monodosis","8":"product_tag-jerecitos","9":"product_tag-mermelada-melocoton","10":"product_shipping_class-envio-incluido","11":"desktop-align-left","12":"tablet-align-left","13":"mobile-align-left","15":"first","16":"instock","17":"shipping-taxable","18":"purchasable","19":"product-type-variable"},"blog_post_layout_featured_media_urls":{"thumbnail":["https:\/\/alicex.es\/tienda\/wp-content\/uploads\/2024\/08\/melocoton-jerecitos-v24-900px-Photoroom-150x150.png",150,150,true],"full":["https:\/\/alicex.es\/tienda\/wp-content\/uploads\/2024\/08\/melocoton-jerecitos-v24-900px-Photoroom.png",900,900,false]},"categories":null,"categories_names":null,"comments_number":"0","_links":{"self":[{"href":"https:\/\/alicex.es\/tienda\/wp-json\/wp\/v2\/product\/57","targetHints":{"allow":["GET"]}}],"collection":[{"href":"https:\/\/alicex.es\/tienda\/wp-json\/wp\/v2\/product"}],"about":[{"href":"https:\/\/alicex.es\/tienda\/wp-json\/wp\/v2\/types\/product"}],"replies":[{"embeddable":true,"href":"https:\/\/alicex.es\/tienda\/wp-json\/wp\/v2\/comments?post=57"}],"wp:featuredmedia":[{"embeddable":true,"href":"https:\/\/alicex.es\/tienda\/wp-json\/wp\/v2\/media\/1221"}],"wp:attachment":[{"href":"https:\/\/alicex.es\/tienda\/wp-json\/wp\/v2\/media?parent=57"}],"wp:term":[{"taxonomy":"product_brand","embeddable":true,"href":"https:\/\/alicex.es\/tienda\/wp-json\/wp\/v2\/product_brand?post=57"},{"taxonomy":"product_cat","embeddable":true,"href":"https:\/\/alicex.es\/tienda\/wp-json\/wp\/v2\/product_cat?post=57"},{"taxonomy":"product_tag","embeddable":true,"href":"https:\/\/alicex.es\/tienda\/wp-json\/wp\/v2\/product_tag?post=57"}],"curies":[{"name":"wp","href":"https:\/\/api.w.org\/{rel}","templated":true}]}}