{"id":53,"date":"2021-01-30T20:03:37","date_gmt":"2021-01-30T19:03:37","guid":{"rendered":"https:\/\/alicex.es\/tienda\/?post_type=product&#038;p=53"},"modified":"2024-08-11T13:13:01","modified_gmt":"2024-08-11T11:13:01","slug":"sobrasada-de-iberico","status":"publish","type":"product","link":"https:\/\/alicex.es\/tienda\/producto\/sobrasada-de-iberico\/","title":{"rendered":"Sobrasada de ib\u00e9rico"},"content":{"rendered":"<h4>Monodosis de sobrasada de ib\u00e9rico Jerecitos<\/h4>\n<p>La <a href=\"https:\/\/alicex.es\/tienda\/producto\/monodosis-sobrasada-jerecitos-b45ca\/\">sobrasada de ib\u00e9rico<\/a> es un embutido que como la <a href=\"https:\/\/alicex.es\/tienda\/producto\/monodosis-cachuela-iberica-jerecitos-b45ca\/\">cachuela<\/a> tambi\u00e9n proviene de la tradicional matanza extreme\u00f1a. Se diferencia principalmente por la raza del animal que aporta los ingredientes esenciales. De nuevo el cerdo de raza ib\u00e9rica de Extremadura es el que aporta la calidad que distingue a este producto de otros como la sobrasada de Mallorca.<\/p>\n<p>Sin desmerecer el <a href=\"https:\/\/www.alimente.elconfidencial.com\/gastronomia-y-cocina\/2018-08-09\/sobrasda-embutido-tradicional-gourmet_1601043\/\" rel=\"nofollow noopener\" target=\"_blank\">producto balear<\/a>, la sobrasada de ib\u00e9rico destaca por su sabor y textura. Con la sobrasada de Jerecitos puede preparar unos aperitivos exquisitos para degustar con los amigos o familia.<\/p>\n<h4><strong>Ficha T\u00e9cnica.<\/strong><\/h4>\n<p>Bandeja de cart\u00f3n cerrada con 45 monodosis de 23 gramos cada una.<\/p>\n<p>Bandeja de cart\u00f3n abierta retractilada con 18 monodosis de 23 gramos cada una.<\/p>\n<p>Monodosis de aluminio 100% reciclable esterilizadas con abre f\u00e1cil.<\/p>\n<p>Fecha de caducidad de 18 meses desde el envasado y esterilizaci\u00f3n<\/p>\n<p>No necesita fr\u00edo, mantener en un lugar fresco y seco.<\/p>\n<p>Ingredientes: Tocino de cerdo ib\u00e9rico, carne de cerdo ib\u00e9rico, piment\u00f3n de la Vera, sal, especias, extractos de espacias, dextrosa, antioxidantes: E-301, E-331 y E-392 y estabilizante: E-461. <strong>Sin gluten<\/strong><\/p>\n<h4><strong>Valores nutricionales por 100g.<\/strong><\/h4>\n<p>Grasa (%):51.19<br \/>\nProte\u00edna (%): 9.99<br \/>\nHumedad (%): 26.75<br \/>\nCenizas (%): 2.56<br \/>\nEnerg\u00eda (kcal\/100g): 538.65<br \/>\nEnerg\u00eda (kJ\/100g):2251.58<br \/>\nSodio (%): 0.59<br \/>\nAz\u00facares totales (%): 0.81<br \/>\nGrasas saturadas: 39.01<br \/>\nGrasas monosaturadas: 41.60<br \/>\nGrasas poliinsaturadas: 47.81<br \/>\nHidratos de carbono (%): 9.50<\/p>\n","protected":false},"excerpt":{"rendered":"<p>Monodosis de sobrasada de ib\u00e9rico Jerecitos para desayunos y meriendas. En bandeja de 18 o 45 unidades. Precio final, impuestos y env\u00edo inclu\u00eddos.<\/p>\n<p>Consulta toda la informaci\u00f3n de este producto m\u00e1s abajo.<\/p>\n","protected":false},"featured_media":1226,"comment_status":"open","ping_status":"closed","template":"","meta":{"site-sidebar-layout":"default","site-content-layout":"","ast-site-content-layout":"default","site-content-style":"default","site-sidebar-style":"default","ast-global-header-display":"","ast-banner-title-visibility":"","ast-main-header-display":"","ast-hfb-above-header-display":"","ast-hfb-below-header-display":"","ast-hfb-mobile-header-display":"","site-post-title":"","ast-breadcrumbs-content":"","ast-featured-img":"","footer-sml-layout":"","ast-disable-related-posts":"","theme-transparent-header-meta":"","adv-header-id-meta":"","stick-header-meta":"","header-above-stick-meta":"","header-main-stick-meta":"","header-below-stick-meta":"","astra-migrate-meta-layouts":"default","ast-page-background-enabled":"default","ast-page-background-meta":{"desktop":{"background-color":"var(--ast-global-color-4)","background-image":"","background-repeat":"repeat","background-position":"center center","background-size":"auto","background-attachment":"scroll","background-type":"","background-media":"","overlay-type":"","overlay-color":"","overlay-opacity":"","overlay-gradient":""},"tablet":{"background-color":"","background-image":"","background-repeat":"repeat","background-position":"center center","background-size":"auto","background-attachment":"scroll","background-type":"","background-media":"","overlay-type":"","overlay-color":"","overlay-opacity":"","overlay-gradient":""},"mobile":{"background-color":"","background-image":"","background-repeat":"repeat","background-position":"center center","background-size":"auto","background-attachment":"scroll","background-type":"","background-media":"","overlay-type":"","overlay-color":"","overlay-opacity":"","overlay-gradient":""}},"ast-content-background-meta":{"desktop":{"background-color":"var(--ast-global-color-5)","background-image":"","background-repeat":"repeat","background-position":"center center","background-size":"auto","background-attachment":"scroll","background-type":"","background-media":"","overlay-type":"","overlay-color":"","overlay-opacity":"","overlay-gradient":""},"tablet":{"background-color":"var(--ast-global-color-5)","background-image":"","background-repeat":"repeat","background-position":"center center","background-size":"auto","background-attachment":"scroll","background-type":"","background-media":"","overlay-type":"","overlay-color":"","overlay-opacity":"","overlay-gradient":""},"mobile":{"background-color":"var(--ast-global-color-5)","background-image":"","background-repeat":"repeat","background-position":"center center","background-size":"auto","background-attachment":"scroll","background-type":"","background-media":"","overlay-type":"","overlay-color":"","overlay-opacity":"","overlay-gradient":""}}},"product_brand":[],"product_cat":[77],"product_tag":[18,20,92],"class_list":{"0":"post-53","1":"product","2":"type-product","3":"status-publish","4":"has-post-thumbnail","6":"product_cat-carnicos-monodosis","7":"product_tag-monodosis","8":"product_tag-jerecitos","9":"product_tag-sobrasada","10":"product_shipping_class-envio-incluido","11":"desktop-align-left","12":"tablet-align-left","13":"mobile-align-left","15":"first","16":"instock","17":"shipping-taxable","18":"purchasable","19":"product-type-variable"},"blog_post_layout_featured_media_urls":{"thumbnail":["https:\/\/alicex.es\/tienda\/wp-content\/uploads\/2024\/08\/sobrasada-jerecitos-v24-900px-Photoroom-150x150.png",150,150,true],"full":["https:\/\/alicex.es\/tienda\/wp-content\/uploads\/2024\/08\/sobrasada-jerecitos-v24-900px-Photoroom.png",900,900,false]},"categories":null,"categories_names":null,"comments_number":"0","_links":{"self":[{"href":"https:\/\/alicex.es\/tienda\/wp-json\/wp\/v2\/product\/53","targetHints":{"allow":["GET"]}}],"collection":[{"href":"https:\/\/alicex.es\/tienda\/wp-json\/wp\/v2\/product"}],"about":[{"href":"https:\/\/alicex.es\/tienda\/wp-json\/wp\/v2\/types\/product"}],"replies":[{"embeddable":true,"href":"https:\/\/alicex.es\/tienda\/wp-json\/wp\/v2\/comments?post=53"}],"wp:featuredmedia":[{"embeddable":true,"href":"https:\/\/alicex.es\/tienda\/wp-json\/wp\/v2\/media\/1226"}],"wp:attachment":[{"href":"https:\/\/alicex.es\/tienda\/wp-json\/wp\/v2\/media?parent=53"}],"wp:term":[{"taxonomy":"product_brand","embeddable":true,"href":"https:\/\/alicex.es\/tienda\/wp-json\/wp\/v2\/product_brand?post=53"},{"taxonomy":"product_cat","embeddable":true,"href":"https:\/\/alicex.es\/tienda\/wp-json\/wp\/v2\/product_cat?post=53"},{"taxonomy":"product_tag","embeddable":true,"href":"https:\/\/alicex.es\/tienda\/wp-json\/wp\/v2\/product_tag?post=53"}],"curies":[{"name":"wp","href":"https:\/\/api.w.org\/{rel}","templated":true}]}}