{"id":518,"date":"2022-01-16T01:05:10","date_gmt":"2022-01-16T00:05:10","guid":{"rendered":"https:\/\/alicex.es\/tienda\/?post_type=product&#038;p=518"},"modified":"2023-07-10T20:37:47","modified_gmt":"2023-07-10T18:37:47","slug":"monodosis-jerecitos-duo-jamon-curado-y-tomate-b18","status":"publish","type":"product","link":"https:\/\/alicex.es\/tienda\/producto\/monodosis-jerecitos-duo-jamon-curado-y-tomate-b18\/","title":{"rendered":"Monodosis Jerecitos d\u00fao jam\u00f3n curado y tomate b18"},"content":{"rendered":"<h3><strong>Monodosis Jerecitos d\u00fao jam\u00f3n curado y tomate b18<\/strong><\/h3>\n<p>Disfruta ahora de la variedad que pat\u00e9s y cremas Jerecitos con estos d\u00faos de monodosis Jerecitos en formato de bandeja de 18 unidades a un precio increible.<\/p>\n<p>En este surtido de Jerecitos se compone de una bandeja con 18 monodosis de jam\u00f3n curado y otra bandeja con 18 monodosis de tomate natural.<\/p>\n<p><a href=\"https:\/\/alicex.es\/tienda\/producto\/monodosis-jamon-curado-jerecitos-b45ca\/\"><strong>Jam\u00f3n curado<\/strong><\/a>: Untar y disfrutar con el sabor del jam\u00f3n ib\u00e9rico de Extremadura en cada bocado que des a tu tostada.<\/p>\n<p><a href=\"https:\/\/alicex.es\/tienda\/producto\/monodosis-tomate-natural-jerecitos-b45ca\/\"><strong>Tomate natural<\/strong><\/a>: Saludable y delicioso. Simplemente tomate natural triturado.<\/p>\n<p>Todos nuestros productos son <strong><em>SIN GLUTEN<\/em><\/strong><\/p>\n","protected":false},"excerpt":{"rendered":"<p>Surtido de monodosis para desayunos de jam\u00f3n curado y tomate Jerecitos, compuesto por 18 monodosis de cada producto. Precio final, impuestos y env\u00edo inclu\u00eddos.<\/p>\n<p>Consulta toda la informaci\u00f3n de este producto m\u00e1s abajo.<\/p>\n","protected":false},"featured_media":519,"comment_status":"open","ping_status":"closed","template":"","meta":{"site-sidebar-layout":"default","site-content-layout":"","ast-site-content-layout":"default","site-content-style":"default","site-sidebar-style":"default","ast-global-header-display":"","ast-banner-title-visibility":"","ast-main-header-display":"","ast-hfb-above-header-display":"","ast-hfb-below-header-display":"","ast-hfb-mobile-header-display":"","site-post-title":"","ast-breadcrumbs-content":"","ast-featured-img":"","footer-sml-layout":"","ast-disable-related-posts":"","theme-transparent-header-meta":"","adv-header-id-meta":"","stick-header-meta":"","header-above-stick-meta":"","header-main-stick-meta":"","header-below-stick-meta":"","astra-migrate-meta-layouts":"default","ast-page-background-enabled":"default","ast-page-background-meta":{"desktop":{"background-color":"var(--ast-global-color-4)","background-image":"","background-repeat":"repeat","background-position":"center center","background-size":"auto","background-attachment":"scroll","background-type":"","background-media":"","overlay-type":"","overlay-color":"","overlay-opacity":"","overlay-gradient":""},"tablet":{"background-color":"","background-image":"","background-repeat":"repeat","background-position":"center center","background-size":"auto","background-attachment":"scroll","background-type":"","background-media":"","overlay-type":"","overlay-color":"","overlay-opacity":"","overlay-gradient":""},"mobile":{"background-color":"","background-image":"","background-repeat":"repeat","background-position":"center center","background-size":"auto","background-attachment":"scroll","background-type":"","background-media":"","overlay-type":"","overlay-color":"","overlay-opacity":"","overlay-gradient":""}},"ast-content-background-meta":{"desktop":{"background-color":"var(--ast-global-color-5)","background-image":"","background-repeat":"repeat","background-position":"center center","background-size":"auto","background-attachment":"scroll","background-type":"","background-media":"","overlay-type":"","overlay-color":"","overlay-opacity":"","overlay-gradient":""},"tablet":{"background-color":"var(--ast-global-color-5)","background-image":"","background-repeat":"repeat","background-position":"center center","background-size":"auto","background-attachment":"scroll","background-type":"","background-media":"","overlay-type":"","overlay-color":"","overlay-opacity":"","overlay-gradient":""},"mobile":{"background-color":"var(--ast-global-color-5)","background-image":"","background-repeat":"repeat","background-position":"center center","background-size":"auto","background-attachment":"scroll","background-type":"","background-media":"","overlay-type":"","overlay-color":"","overlay-opacity":"","overlay-gradient":""}}},"product_brand":[],"product_cat":[80],"product_tag":[18,19,20],"class_list":{"0":"post-518","1":"product","2":"type-product","3":"status-publish","4":"has-post-thumbnail","6":"product_cat-surtidos-monodosis","7":"product_tag-monodosis","8":"product_tag-surtido","9":"product_tag-jerecitos","10":"product_shipping_class-envio-incluido","11":"desktop-align-left","12":"tablet-align-left","13":"mobile-align-left","15":"first","16":"instock","17":"shipping-taxable","18":"purchasable","19":"product-type-simple"},"blog_post_layout_featured_media_urls":{"thumbnail":["https:\/\/alicex.es\/tienda\/wp-content\/uploads\/2022\/01\/Duo-jamon-curado-tomate-jerecitos-b18-150x150.jpg",150,150,true],"full":["https:\/\/alicex.es\/tienda\/wp-content\/uploads\/2022\/01\/Duo-jamon-curado-tomate-jerecitos-b18.jpg",900,900,false]},"categories":null,"categories_names":null,"comments_number":"0","_links":{"self":[{"href":"https:\/\/alicex.es\/tienda\/wp-json\/wp\/v2\/product\/518","targetHints":{"allow":["GET"]}}],"collection":[{"href":"https:\/\/alicex.es\/tienda\/wp-json\/wp\/v2\/product"}],"about":[{"href":"https:\/\/alicex.es\/tienda\/wp-json\/wp\/v2\/types\/product"}],"replies":[{"embeddable":true,"href":"https:\/\/alicex.es\/tienda\/wp-json\/wp\/v2\/comments?post=518"}],"wp:featuredmedia":[{"embeddable":true,"href":"https:\/\/alicex.es\/tienda\/wp-json\/wp\/v2\/media\/519"}],"wp:attachment":[{"href":"https:\/\/alicex.es\/tienda\/wp-json\/wp\/v2\/media?parent=518"}],"wp:term":[{"taxonomy":"product_brand","embeddable":true,"href":"https:\/\/alicex.es\/tienda\/wp-json\/wp\/v2\/product_brand?post=518"},{"taxonomy":"product_cat","embeddable":true,"href":"https:\/\/alicex.es\/tienda\/wp-json\/wp\/v2\/product_cat?post=518"},{"taxonomy":"product_tag","embeddable":true,"href":"https:\/\/alicex.es\/tienda\/wp-json\/wp\/v2\/product_tag?post=518"}],"curies":[{"name":"wp","href":"https:\/\/api.w.org\/{rel}","templated":true}]}}