{"id":51,"date":"2021-01-30T19:59:15","date_gmt":"2021-01-30T18:59:15","guid":{"rendered":"https:\/\/alicex.es\/tienda\/?post_type=product&#038;p=51"},"modified":"2024-08-11T13:13:36","modified_gmt":"2024-08-11T11:13:36","slug":"zurrapa-roja-de-lomo","status":"publish","type":"product","link":"https:\/\/alicex.es\/tienda\/producto\/zurrapa-roja-de-lomo\/","title":{"rendered":"Zurrapa roja de lomo"},"content":{"rendered":"<h4>Monodosis de zurrapa roja de lomo<\/h4>\n<p>La zurrapa de lomo es un\u00a0<a href=\"https:\/\/elcomidista.elpais.com\/elcomidista\/2019\/07\/22\/receta\/1563794891_311841.html\" target=\"_blank\" rel=\"noopener nofollow\">producto t\u00edpico del sur de Espa\u00f1a<\/a> que se elabora con diferentes carnes del cerdo que se frien y despu\u00e9s se mezclan con manteca tambi\u00e9n de cerdo y al resultado se le a\u00f1aden especias naturales como sal, ajo, laurel o pimienta negra. Y en este producto adem\u00e1s a\u00f1adimos piment\u00f3n de la Vera para darle un excelente sabor.<\/p>\n<p>Si toda la carne e incluso la manteca es de cerdo ib\u00e9rico obtenemos un producto superior. Y ese es el caso de esta zurrapa roja o la <a href=\"https:\/\/alicex.es\/tienda\/producto\/monodosis-zurrapa-blanca-jerecitos-b45ca\/\">zurrapa blanca de lomo Jerecitos<\/a>.<\/p>\n<h4><strong>Ficha T\u00e9cnica.<\/strong><\/h4>\n<p>Bandeja de cart\u00f3n cerrada con 45 monodosis de 23 gramos cada una.<\/p>\n<p>Bandeja de cart\u00f3n abierta retractilada con 18 monodosis de 23 gramos cada una.<\/p>\n<p>Monodosis de aluminio 100% reciclable esterilizadas con abre f\u00e1cil.<\/p>\n<p>Fecha de caducidad de 18 meses desde el envasado y esterilizaci\u00f3n.<\/p>\n<p>No necesita fr\u00edo, mantener en un lugar fresco y seco.<\/p>\n<p>Ingredientes: Papada de cerdo, manteca de cerdo, magro de cerdo, sal, az\u00facar, especias, piment\u00f3n de la Vera y antioxidantes: E-301. <strong>Sin gluten<\/strong><\/p>\n<h4><strong>Valores nutricionales por 100g.<\/strong><\/h4>\n<p>Grasa (%): 53.48<br \/>\nProte\u00edna (%): 7.64<br \/>\nHumedad (%): 26.86<br \/>\nCenizas (%): 2.17<br \/>\nEnerg\u00eda (kcal\/100g): 765.16<br \/>\nEnerg\u00eda (kJ\/100g): 3198.38<br \/>\nSodio (%): 0.84<br \/>\nAz\u00facares totales (%): 1.33<br \/>\nGrasas saturadas: 38.96<br \/>\nGrasas monosaturadas: 49.85<br \/>\nGrasas poliinsaturadas: 11.17<br \/>\nHidratos de carbono (%): 63.33<\/p>\n","protected":false},"excerpt":{"rendered":"<p>Monodosis de zurrapa roja de lomo Jerecitos para desayunos y meriendas. \u00a0En bandeja de 18 o 45 unidades. Precio final, impuestos y env\u00edo inclu\u00eddos.<\/p>\n<p>Consulta toda la informaci\u00f3n de este producto m\u00e1s abajo.<\/p>\n","protected":false},"featured_media":1231,"comment_status":"open","ping_status":"closed","template":"","meta":{"site-sidebar-layout":"default","site-content-layout":"","ast-site-content-layout":"default","site-content-style":"default","site-sidebar-style":"default","ast-global-header-display":"","ast-banner-title-visibility":"","ast-main-header-display":"","ast-hfb-above-header-display":"","ast-hfb-below-header-display":"","ast-hfb-mobile-header-display":"","site-post-title":"","ast-breadcrumbs-content":"","ast-featured-img":"","footer-sml-layout":"","ast-disable-related-posts":"","theme-transparent-header-meta":"","adv-header-id-meta":"","stick-header-meta":"","header-above-stick-meta":"","header-main-stick-meta":"","header-below-stick-meta":"","astra-migrate-meta-layouts":"default","ast-page-background-enabled":"default","ast-page-background-meta":{"desktop":{"background-color":"var(--ast-global-color-4)","background-image":"","background-repeat":"repeat","background-position":"center center","background-size":"auto","background-attachment":"scroll","background-type":"","background-media":"","overlay-type":"","overlay-color":"","overlay-opacity":"","overlay-gradient":""},"tablet":{"background-color":"","background-image":"","background-repeat":"repeat","background-position":"center center","background-size":"auto","background-attachment":"scroll","background-type":"","background-media":"","overlay-type":"","overlay-color":"","overlay-opacity":"","overlay-gradient":""},"mobile":{"background-color":"","background-image":"","background-repeat":"repeat","background-position":"center center","background-size":"auto","background-attachment":"scroll","background-type":"","background-media":"","overlay-type":"","overlay-color":"","overlay-opacity":"","overlay-gradient":""}},"ast-content-background-meta":{"desktop":{"background-color":"var(--ast-global-color-5)","background-image":"","background-repeat":"repeat","background-position":"center center","background-size":"auto","background-attachment":"scroll","background-type":"","background-media":"","overlay-type":"","overlay-color":"","overlay-opacity":"","overlay-gradient":""},"tablet":{"background-color":"var(--ast-global-color-5)","background-image":"","background-repeat":"repeat","background-position":"center center","background-size":"auto","background-attachment":"scroll","background-type":"","background-media":"","overlay-type":"","overlay-color":"","overlay-opacity":"","overlay-gradient":""},"mobile":{"background-color":"var(--ast-global-color-5)","background-image":"","background-repeat":"repeat","background-position":"center center","background-size":"auto","background-attachment":"scroll","background-type":"","background-media":"","overlay-type":"","overlay-color":"","overlay-opacity":"","overlay-gradient":""}}},"product_brand":[],"product_cat":[77],"product_tag":[18,20,104,105],"class_list":{"0":"post-51","1":"product","2":"type-product","3":"status-publish","4":"has-post-thumbnail","6":"product_cat-carnicos-monodosis","7":"product_tag-monodosis","8":"product_tag-jerecitos","9":"product_tag-zurrapa-de-lomo","10":"product_tag-zurrapa-roja","11":"product_shipping_class-envio-incluido","12":"desktop-align-left","13":"tablet-align-left","14":"mobile-align-left","16":"first","17":"instock","18":"shipping-taxable","19":"purchasable","20":"product-type-variable"},"blog_post_layout_featured_media_urls":{"thumbnail":["https:\/\/alicex.es\/tienda\/wp-content\/uploads\/2024\/08\/zurrapa-roja-jerecitos-v24-900px-Photoroom-150x150.png",150,150,true],"full":["https:\/\/alicex.es\/tienda\/wp-content\/uploads\/2024\/08\/zurrapa-roja-jerecitos-v24-900px-Photoroom.png",900,900,false]},"categories":null,"categories_names":null,"comments_number":"0","_links":{"self":[{"href":"https:\/\/alicex.es\/tienda\/wp-json\/wp\/v2\/product\/51","targetHints":{"allow":["GET"]}}],"collection":[{"href":"https:\/\/alicex.es\/tienda\/wp-json\/wp\/v2\/product"}],"about":[{"href":"https:\/\/alicex.es\/tienda\/wp-json\/wp\/v2\/types\/product"}],"replies":[{"embeddable":true,"href":"https:\/\/alicex.es\/tienda\/wp-json\/wp\/v2\/comments?post=51"}],"wp:featuredmedia":[{"embeddable":true,"href":"https:\/\/alicex.es\/tienda\/wp-json\/wp\/v2\/media\/1231"}],"wp:attachment":[{"href":"https:\/\/alicex.es\/tienda\/wp-json\/wp\/v2\/media?parent=51"}],"wp:term":[{"taxonomy":"product_brand","embeddable":true,"href":"https:\/\/alicex.es\/tienda\/wp-json\/wp\/v2\/product_brand?post=51"},{"taxonomy":"product_cat","embeddable":true,"href":"https:\/\/alicex.es\/tienda\/wp-json\/wp\/v2\/product_cat?post=51"},{"taxonomy":"product_tag","embeddable":true,"href":"https:\/\/alicex.es\/tienda\/wp-json\/wp\/v2\/product_tag?post=51"}],"curies":[{"name":"wp","href":"https:\/\/api.w.org\/{rel}","templated":true}]}}