{"id":44,"date":"2021-01-30T19:23:43","date_gmt":"2021-01-30T18:23:43","guid":{"rendered":"https:\/\/alicex.es\/tienda\/?post_type=product&#038;p=44"},"modified":"2024-08-11T13:16:02","modified_gmt":"2024-08-11T11:16:02","slug":"tomate-natural-aceite-y-ajo","status":"publish","type":"product","link":"https:\/\/alicex.es\/tienda\/producto\/tomate-natural-aceite-y-ajo\/","title":{"rendered":"Tomate natural aceite y ajo"},"content":{"rendered":"<h4>Monodosis de tomate natural, aceite y ajo Jerecitos<\/h4>\n<p>No te preocupes que ya hacemos nosotros el ali\u00f1o de estos tres ingredientes, t\u00fa solamente tienes que disfrutarlo.<\/p>\n<p>Partimos de <a href=\"http:\/\/alicex.es\/monodosis-de-tomate-natural-jerecitos\/\">tomate natural<\/a> del campo espa\u00f1ol que seleccionamos y trituramos, nada m\u00e1s. A\u00f1adimos <a href=\"https:\/\/alicex.es\/tienda\/producto\/monodosis-aceite-oliva-virgen-extra-jerecitos-c296\/\">aceite de oliva virge extra<\/a>, ajo extreme\u00f1o y una pizca de sal para resaltar su sabor. Y tenemos como resultado un delicioso y <a href=\"https:\/\/www.vanitatis.elconfidencial.com\/gastronomia\/2014-07-30\/tomate-y-aceite-de-oliva-virgen-extra-una-combinacion-perfecta_169695\/\" rel=\"nofollow noopener\" target=\"_blank\">saludable producto<\/a> para untar en tostadas o aperitivos que har\u00e1 las delicias de tu amigos o familiares. Una vez que lo pruebes se convertir\u00e1 en un de tus productos favoritos.<\/p>\n<p>Este es nuestro tomate natural aceite y ajo para desayunos saludables que hemos creado en <a href=\"https:\/\/alicex.es\" target=\"_blank\" rel=\"noopener\">Alicex<\/a>.<\/p>\n<h4><strong>Ficha T\u00e9cnica.<\/strong><\/h4>\n<p>Bandeja de cart\u00f3n cerrada con 45 monodosis de 23 gramos cada una.<\/p>\n<p>Bandeja de cart\u00f3n abierta retractilada con 18 monodosis de 23 gramos cada una.<\/p>\n<p>Monodosis de aluminio 100% reciclable esterilizadas con abre f\u00e1cil.<\/p>\n<p>Fecha de caducidad de 18 meses desde el envasado y esterilizaci\u00f3n<\/p>\n<p>No necesita fr\u00edo, mantener en un lugar fresco y seco.<\/p>\n<p>Ingredientes: Tomate natural (86,2%), aceite de oliva virgen extra (12%), ajo (1,3%) y sal. <strong>Sin gluten.<\/strong><\/p>\n<p>Al\u00e9rgenos: Puede contener trazas de derivados de <strong>leche<\/strong> y <strong>soja.<\/strong><\/p>\n<h4><strong>Valores nutricionales por 100g.<\/strong><\/h4>\n<p>Grasa (%): 0.02<br \/>\nProteina (%): 1.06<br \/>\nHumedad (%): 93.12<br \/>\nCenizas (%): 0.50<br \/>\nEnerg\u00eda (kcal\/100g): 25.66<br \/>\nEnerg\u00eda (kJ\/100g): 107.25<br \/>\nSodio (%): 0.05<br \/>\nAz\u00facares totales (%): 3.97<br \/>\nGrasas saturadas: 40.52<br \/>\nGrasas monosaturadas: 49.45<br \/>\nGrasas poliinsaturadas: 10.00<br \/>\nHidratos de carbono (%): 5.30<\/p>\n","protected":false},"excerpt":{"rendered":"<p>Tomate natural aceite y ajo Jerecitos para desayunos y aperitivos. En bandeja de 18 o 45 unidades. Precio final, impuestos y env\u00edo inclu\u00eddos.<\/p>\n<p>Consulta toda la informaci\u00f3n de este producto m\u00e1s abajo.<\/p>\n","protected":false},"featured_media":1227,"comment_status":"open","ping_status":"closed","template":"","meta":{"site-sidebar-layout":"default","site-content-layout":"","ast-site-content-layout":"default","site-content-style":"default","site-sidebar-style":"default","ast-global-header-display":"","ast-banner-title-visibility":"","ast-main-header-display":"","ast-hfb-above-header-display":"","ast-hfb-below-header-display":"","ast-hfb-mobile-header-display":"","site-post-title":"","ast-breadcrumbs-content":"","ast-featured-img":"","footer-sml-layout":"","ast-disable-related-posts":"","theme-transparent-header-meta":"","adv-header-id-meta":"","stick-header-meta":"","header-above-stick-meta":"","header-main-stick-meta":"","header-below-stick-meta":"","astra-migrate-meta-layouts":"default","ast-page-background-enabled":"default","ast-page-background-meta":{"desktop":{"background-color":"var(--ast-global-color-4)","background-image":"","background-repeat":"repeat","background-position":"center center","background-size":"auto","background-attachment":"scroll","background-type":"","background-media":"","overlay-type":"","overlay-color":"","overlay-opacity":"","overlay-gradient":""},"tablet":{"background-color":"","background-image":"","background-repeat":"repeat","background-position":"center center","background-size":"auto","background-attachment":"scroll","background-type":"","background-media":"","overlay-type":"","overlay-color":"","overlay-opacity":"","overlay-gradient":""},"mobile":{"background-color":"","background-image":"","background-repeat":"repeat","background-position":"center center","background-size":"auto","background-attachment":"scroll","background-type":"","background-media":"","overlay-type":"","overlay-color":"","overlay-opacity":"","overlay-gradient":""}},"ast-content-background-meta":{"desktop":{"background-color":"var(--ast-global-color-5)","background-image":"","background-repeat":"repeat","background-position":"center center","background-size":"auto","background-attachment":"scroll","background-type":"","background-media":"","overlay-type":"","overlay-color":"","overlay-opacity":"","overlay-gradient":""},"tablet":{"background-color":"var(--ast-global-color-5)","background-image":"","background-repeat":"repeat","background-position":"center center","background-size":"auto","background-attachment":"scroll","background-type":"","background-media":"","overlay-type":"","overlay-color":"","overlay-opacity":"","overlay-gradient":""},"mobile":{"background-color":"var(--ast-global-color-5)","background-image":"","background-repeat":"repeat","background-position":"center center","background-size":"auto","background-attachment":"scroll","background-type":"","background-media":"","overlay-type":"","overlay-color":"","overlay-opacity":"","overlay-gradient":""}}},"product_brand":[],"product_cat":[76],"product_tag":[18,20],"class_list":{"0":"post-44","1":"product","2":"type-product","3":"status-publish","4":"has-post-thumbnail","6":"product_cat-vegetales-monodosis","7":"product_tag-monodosis","8":"product_tag-jerecitos","9":"product_shipping_class-envio-incluido","10":"desktop-align-left","11":"tablet-align-left","12":"mobile-align-left","14":"first","15":"instock","16":"shipping-taxable","17":"purchasable","18":"product-type-variable"},"blog_post_layout_featured_media_urls":{"thumbnail":["https:\/\/alicex.es\/tienda\/wp-content\/uploads\/2024\/08\/tomate-aceite-ajo-jerecitos-v24-900px-Photoroom-150x150.png",150,150,true],"full":["https:\/\/alicex.es\/tienda\/wp-content\/uploads\/2024\/08\/tomate-aceite-ajo-jerecitos-v24-900px-Photoroom.png",900,900,false]},"categories":null,"categories_names":null,"comments_number":"0","_links":{"self":[{"href":"https:\/\/alicex.es\/tienda\/wp-json\/wp\/v2\/product\/44","targetHints":{"allow":["GET"]}}],"collection":[{"href":"https:\/\/alicex.es\/tienda\/wp-json\/wp\/v2\/product"}],"about":[{"href":"https:\/\/alicex.es\/tienda\/wp-json\/wp\/v2\/types\/product"}],"replies":[{"embeddable":true,"href":"https:\/\/alicex.es\/tienda\/wp-json\/wp\/v2\/comments?post=44"}],"wp:featuredmedia":[{"embeddable":true,"href":"https:\/\/alicex.es\/tienda\/wp-json\/wp\/v2\/media\/1227"}],"wp:attachment":[{"href":"https:\/\/alicex.es\/tienda\/wp-json\/wp\/v2\/media?parent=44"}],"wp:term":[{"taxonomy":"product_brand","embeddable":true,"href":"https:\/\/alicex.es\/tienda\/wp-json\/wp\/v2\/product_brand?post=44"},{"taxonomy":"product_cat","embeddable":true,"href":"https:\/\/alicex.es\/tienda\/wp-json\/wp\/v2\/product_cat?post=44"},{"taxonomy":"product_tag","embeddable":true,"href":"https:\/\/alicex.es\/tienda\/wp-json\/wp\/v2\/product_tag?post=44"}],"curies":[{"name":"wp","href":"https:\/\/api.w.org\/{rel}","templated":true}]}}