{"id":38,"date":"2021-01-30T18:46:49","date_gmt":"2021-01-30T17:46:49","guid":{"rendered":"https:\/\/alicex.es\/tienda\/?post_type=product&#038;p=38"},"modified":"2024-08-11T02:09:59","modified_gmt":"2024-08-11T00:09:59","slug":"tomate-natural-triturado","status":"publish","type":"product","link":"https:\/\/alicex.es\/tienda\/producto\/tomate-natural-triturado\/","title":{"rendered":"Tomate natural triturado"},"content":{"rendered":"<h4>Monodosis de tomate natural triturado Jerecitos<\/h4>\n<p>El tomate natural es sin duda una de las hortalizas m\u00e1s apreciadas en nuestra gastronom\u00eda. Es un excelente producto que se puede consumir de mil formas y que adem\u00e1s nos proporciona <a href=\"https:\/\/www.cuerpomente.com\/guia-alimentos\/tomate#cke_1_anchor_0\" rel=\"nofollow noopener\" target=\"_blank\">multitud de beneficios<\/a> para nuestra salud.<\/p>\n<ul>\n<li>Pocas calor\u00edas<\/li>\n<li>Vitaminas antioxidantes C, E y A<\/li>\n<li>Vitaminas del grupo B incluyendo \u00e1cido f\u00f3lico<\/li>\n<li>Minerales como hierro, potasio, f\u00f3sforo y magnesio.<\/li>\n<\/ul>\n<p>Seleccionamos el mejor tomate del campo espa\u00f1ol para lavarlo y triturarlo antes de envasarlo en monodosis de aluminio 100% reciclables. Tras el proceso de esterilizaci\u00f3n conseguimos un producto que mantiene todas sus propiedades y sabor natural.<\/p>\n<p>A partir de aqu\u00ed t\u00fa eres el que elige como disfrutar de este producto natural:<\/p>\n<ul>\n<li>Combin\u00e1ndolo con nuestro <a href=\"https:\/\/alicex.es\/tienda\/producto\/monodosis-aceite-oliva-virgen-extra-jerecitos-c296\/\">aceite de oliva virgen extra<\/a> en una tostada<\/li>\n<li>Como base para aperitivos o canap\u00e9s con <a href=\"https:\/\/alicex.es\/tienda\/producto\/monodosis-queso-jerecitos-b45ca\/\">queso blanco<\/a> o <a href=\"https:\/\/alicex.es\/tienda\/producto\/monodosis-queso-azul-jerecitos-b45ca\/\">azul<\/a>, fiambres o pescados como el <a href=\"https:\/\/alicex.es\/tienda\/producto\/monodosis-atun-jerecitos-b45ca\/\">pat\u00e9 de at\u00fan Jerecitos<\/a><\/li>\n<\/ul>\n<p>Tomate natural triturado para desayunos bajos en calor\u00edas.<\/p>\n<h4><strong>Ficha T\u00e9cnica.<\/strong><\/h4>\n<p>Bandeja de cart\u00f3n cerrada con 45 monodosis de 23 gramos cada una.<\/p>\n<p>Bandeja de cart\u00f3n abierta retractilada con 18 monodosis de 23 gramos cada una.<\/p>\n<p>Monodosis de aluminio 100% reciclable esterilizadas con abre f\u00e1cil.<\/p>\n<p>Fecha de caducidad de 18 meses desde el envasado y esterilizaci\u00f3n<\/p>\n<p>No necesita fr\u00edo, mantener en un lugar fresco y seco.<\/p>\n<p>Ingredientes: Tomate natural.<\/p>\n<p>Producto sin gluten.<\/p>\n<h4><strong>Valores nutricionales por 100g.<\/strong><\/h4>\n<p>Grasa (%): 0.02<br \/>\nProteina (%): 1.06<br \/>\nHumedad (%): 93.12<br \/>\nCenizas (%): 0.50<br \/>\nEnerg\u00eda (kcal\/100g): 25.66<br \/>\nEnerg\u00eda (kJ\/100g): 107.25<br \/>\nSodio (%): 0.05<br \/>\nAz\u00facares totales (%): 3.97<br \/>\nGrasas saturadas: 40.52<br \/>\nGrasas monosaturadas: 49.45<br \/>\nGrasas poliinsaturadas: 10.00<br \/>\nHidratos de carbono (%): 5.30<\/p>\n","protected":false},"excerpt":{"rendered":"<p>Monodosis de tomate natural triturado Jerecitos. En bandeja de 18 o 45 unidades. Precio final, impuestos y env\u00edo inclu\u00eddos.<\/p>\n<p>Consulta toda la informaci\u00f3n de este producto m\u00e1s abajo.<\/p>\n","protected":false},"featured_media":1215,"comment_status":"open","ping_status":"closed","template":"","meta":{"site-sidebar-layout":"default","site-content-layout":"","ast-site-content-layout":"default","site-content-style":"default","site-sidebar-style":"default","ast-global-header-display":"","ast-banner-title-visibility":"","ast-main-header-display":"","ast-hfb-above-header-display":"","ast-hfb-below-header-display":"","ast-hfb-mobile-header-display":"","site-post-title":"","ast-breadcrumbs-content":"","ast-featured-img":"","footer-sml-layout":"","ast-disable-related-posts":"","theme-transparent-header-meta":"","adv-header-id-meta":"","stick-header-meta":"","header-above-stick-meta":"","header-main-stick-meta":"","header-below-stick-meta":"","astra-migrate-meta-layouts":"default","ast-page-background-enabled":"default","ast-page-background-meta":{"desktop":{"background-color":"var(--ast-global-color-4)","background-image":"","background-repeat":"repeat","background-position":"center center","background-size":"auto","background-attachment":"scroll","background-type":"","background-media":"","overlay-type":"","overlay-color":"","overlay-opacity":"","overlay-gradient":""},"tablet":{"background-color":"","background-image":"","background-repeat":"repeat","background-position":"center center","background-size":"auto","background-attachment":"scroll","background-type":"","background-media":"","overlay-type":"","overlay-color":"","overlay-opacity":"","overlay-gradient":""},"mobile":{"background-color":"","background-image":"","background-repeat":"repeat","background-position":"center center","background-size":"auto","background-attachment":"scroll","background-type":"","background-media":"","overlay-type":"","overlay-color":"","overlay-opacity":"","overlay-gradient":""}},"ast-content-background-meta":{"desktop":{"background-color":"var(--ast-global-color-5)","background-image":"","background-repeat":"repeat","background-position":"center center","background-size":"auto","background-attachment":"scroll","background-type":"","background-media":"","overlay-type":"","overlay-color":"","overlay-opacity":"","overlay-gradient":""},"tablet":{"background-color":"var(--ast-global-color-5)","background-image":"","background-repeat":"repeat","background-position":"center center","background-size":"auto","background-attachment":"scroll","background-type":"","background-media":"","overlay-type":"","overlay-color":"","overlay-opacity":"","overlay-gradient":""},"mobile":{"background-color":"var(--ast-global-color-5)","background-image":"","background-repeat":"repeat","background-position":"center center","background-size":"auto","background-attachment":"scroll","background-type":"","background-media":"","overlay-type":"","overlay-color":"","overlay-opacity":"","overlay-gradient":""}}},"product_brand":[],"product_cat":[76],"product_tag":[18,20],"class_list":{"0":"post-38","1":"product","2":"type-product","3":"status-publish","4":"has-post-thumbnail","6":"product_cat-vegetales-monodosis","7":"product_tag-monodosis","8":"product_tag-jerecitos","9":"product_shipping_class-envio-incluido","10":"desktop-align-left","11":"tablet-align-left","12":"mobile-align-left","14":"first","15":"instock","16":"shipping-taxable","17":"purchasable","18":"product-type-variable"},"blog_post_layout_featured_media_urls":{"thumbnail":["https:\/\/alicex.es\/tienda\/wp-content\/uploads\/2024\/08\/tomate-jerecitos-v24-900px-150x150.png",150,150,true],"full":["https:\/\/alicex.es\/tienda\/wp-content\/uploads\/2024\/08\/tomate-jerecitos-v24-900px.png",900,900,false]},"categories":null,"categories_names":null,"comments_number":"4","_links":{"self":[{"href":"https:\/\/alicex.es\/tienda\/wp-json\/wp\/v2\/product\/38","targetHints":{"allow":["GET"]}}],"collection":[{"href":"https:\/\/alicex.es\/tienda\/wp-json\/wp\/v2\/product"}],"about":[{"href":"https:\/\/alicex.es\/tienda\/wp-json\/wp\/v2\/types\/product"}],"replies":[{"embeddable":true,"href":"https:\/\/alicex.es\/tienda\/wp-json\/wp\/v2\/comments?post=38"}],"wp:featuredmedia":[{"embeddable":true,"href":"https:\/\/alicex.es\/tienda\/wp-json\/wp\/v2\/media\/1215"}],"wp:attachment":[{"href":"https:\/\/alicex.es\/tienda\/wp-json\/wp\/v2\/media?parent=38"}],"wp:term":[{"taxonomy":"product_brand","embeddable":true,"href":"https:\/\/alicex.es\/tienda\/wp-json\/wp\/v2\/product_brand?post=38"},{"taxonomy":"product_cat","embeddable":true,"href":"https:\/\/alicex.es\/tienda\/wp-json\/wp\/v2\/product_cat?post=38"},{"taxonomy":"product_tag","embeddable":true,"href":"https:\/\/alicex.es\/tienda\/wp-json\/wp\/v2\/product_tag?post=38"}],"curies":[{"name":"wp","href":"https:\/\/api.w.org\/{rel}","templated":true}]}}