{"id":32,"date":"2021-01-30T18:25:45","date_gmt":"2021-01-30T17:25:45","guid":{"rendered":"https:\/\/alicex.es\/tienda\/?post_type=product&#038;p=32"},"modified":"2024-08-11T13:18:49","modified_gmt":"2024-08-11T11:18:49","slug":"cachuela-iberica","status":"publish","type":"product","link":"https:\/\/alicex.es\/tienda\/producto\/cachuela-iberica\/","title":{"rendered":"Cachuela ib\u00e9rica"},"content":{"rendered":"<h4>Monodosis de cachuela ib\u00e9rica Jerecitos<\/h4>\n<p>T\u00edpica del sur de Extremadura (caldillo) y la zona m\u00e1s cercana de Andaluc\u00eda. Utilizamos una antigua receta de la <a href=\"https:\/\/jerezdeloscaballeros.hoy.es\/matanzas-domiciliarias-alcanzan-20190117173059-nt.html\" rel=\"nofollow noopener\" target=\"_blank\">matanza tradicional extreme\u00f1a<\/a> para hacer este exquisito y nutritivo producto que untado en pan caliente har\u00e1 que empieces el d\u00eda con la mejor energ\u00eda. Junto al <a href=\"https:\/\/alicex.es\/tienda\/producto\/monodosis-pate-iberico-jerecitos-b45ca\/\">pat\u00e9 ib\u00e9rico<\/a> y el <a href=\"https:\/\/alicex.es\/tienda\/producto\/monodosis-jamon-york-jerecitos-b45ca\/\">jam\u00f3n york<\/a>, la cachuela extreme\u00f1a es de los productos m\u00e1s vendidos.<\/p>\n<h4><strong>Ficha T\u00e9cnica.<\/strong><\/h4>\n<p>Ingredientes: Manteca de cerdo ib\u00e9rico, h\u00edgado de cerdo ib\u00e9rico, cebolla frita en aceite de oliva (cebolla, aceite de oliva,<br \/>\nsal, Antioxidante: E-330), pimienta negra, comino, clavo, an\u00eds y canela. <strong>Sin gluten<\/strong><\/p>\n<h4><strong>Vida \u00fatil y condiciones de almacenamiento.<\/strong><\/h4>\n<p>La fecha de consumo preferente es de 18 meses. Producto esterilizado. No necesita fr\u00edo, mantener en un lugar fresco y seco.<\/p>\n<h4><strong>Valores nutricionales por 100g.<\/strong><\/h4>\n<p>Grasa (%): 62.17<br \/>\nProte\u00edna (%): 12.36<br \/>\nHumedad (%): 24.32<br \/>\nCenizas (%): 1.47<br \/>\nEnerg\u00eda (kcal\/100g): 607.68<br \/>\nEnerg\u00eda (kJ\/100g): 2540.10<br \/>\nSodio (%): 0.40<br \/>\nAz\u00facares totales (%): 1.54<br \/>\nGrasas saturadas: 40.21<br \/>\nGrasas monosaturadas: 49.89<br \/>\nGrasas poliinsaturadas: 9.86<br \/>\nHidratos de carbono (%): 0<\/p>\n","protected":false},"excerpt":{"rendered":"<p>Monodosis de cachuela ib\u00e9rica Jerecitos para desayunos y meriendas. En bandeja de 18 o 45 unidades. Precio final, impuestos y env\u00edo inclu\u00eddos.<\/p>\n<p>Consulta toda la informaci\u00f3n de este producto m\u00e1s abajo.<\/p>\n","protected":false},"featured_media":1217,"comment_status":"open","ping_status":"closed","template":"","meta":{"site-sidebar-layout":"default","site-content-layout":"","ast-site-content-layout":"default","site-content-style":"default","site-sidebar-style":"default","ast-global-header-display":"","ast-banner-title-visibility":"","ast-main-header-display":"","ast-hfb-above-header-display":"","ast-hfb-below-header-display":"","ast-hfb-mobile-header-display":"","site-post-title":"","ast-breadcrumbs-content":"","ast-featured-img":"","footer-sml-layout":"","ast-disable-related-posts":"","theme-transparent-header-meta":"","adv-header-id-meta":"","stick-header-meta":"","header-above-stick-meta":"","header-main-stick-meta":"","header-below-stick-meta":"","astra-migrate-meta-layouts":"default","ast-page-background-enabled":"default","ast-page-background-meta":{"desktop":{"background-color":"var(--ast-global-color-4)","background-image":"","background-repeat":"repeat","background-position":"center center","background-size":"auto","background-attachment":"scroll","background-type":"","background-media":"","overlay-type":"","overlay-color":"","overlay-opacity":"","overlay-gradient":""},"tablet":{"background-color":"","background-image":"","background-repeat":"repeat","background-position":"center center","background-size":"auto","background-attachment":"scroll","background-type":"","background-media":"","overlay-type":"","overlay-color":"","overlay-opacity":"","overlay-gradient":""},"mobile":{"background-color":"","background-image":"","background-repeat":"repeat","background-position":"center center","background-size":"auto","background-attachment":"scroll","background-type":"","background-media":"","overlay-type":"","overlay-color":"","overlay-opacity":"","overlay-gradient":""}},"ast-content-background-meta":{"desktop":{"background-color":"var(--ast-global-color-5)","background-image":"","background-repeat":"repeat","background-position":"center center","background-size":"auto","background-attachment":"scroll","background-type":"","background-media":"","overlay-type":"","overlay-color":"","overlay-opacity":"","overlay-gradient":""},"tablet":{"background-color":"var(--ast-global-color-5)","background-image":"","background-repeat":"repeat","background-position":"center center","background-size":"auto","background-attachment":"scroll","background-type":"","background-media":"","overlay-type":"","overlay-color":"","overlay-opacity":"","overlay-gradient":""},"mobile":{"background-color":"var(--ast-global-color-5)","background-image":"","background-repeat":"repeat","background-position":"center center","background-size":"auto","background-attachment":"scroll","background-type":"","background-media":"","overlay-type":"","overlay-color":"","overlay-opacity":"","overlay-gradient":""}}},"product_brand":[],"product_cat":[77],"product_tag":[18,20,87],"class_list":{"0":"post-32","1":"product","2":"type-product","3":"status-publish","4":"has-post-thumbnail","6":"product_cat-carnicos-monodosis","7":"product_tag-monodosis","8":"product_tag-jerecitos","9":"product_tag-cachuela","10":"product_shipping_class-envio-incluido","11":"desktop-align-left","12":"tablet-align-left","13":"mobile-align-left","15":"first","16":"instock","17":"shipping-taxable","18":"purchasable","19":"product-type-variable"},"blog_post_layout_featured_media_urls":{"thumbnail":["https:\/\/alicex.es\/tienda\/wp-content\/uploads\/2024\/08\/cachuela-iberica-jerecitos-v24-900px-Photoroom-150x150.png",150,150,true],"full":["https:\/\/alicex.es\/tienda\/wp-content\/uploads\/2024\/08\/cachuela-iberica-jerecitos-v24-900px-Photoroom.png",900,900,false]},"categories":null,"categories_names":null,"comments_number":"5","_links":{"self":[{"href":"https:\/\/alicex.es\/tienda\/wp-json\/wp\/v2\/product\/32","targetHints":{"allow":["GET"]}}],"collection":[{"href":"https:\/\/alicex.es\/tienda\/wp-json\/wp\/v2\/product"}],"about":[{"href":"https:\/\/alicex.es\/tienda\/wp-json\/wp\/v2\/types\/product"}],"replies":[{"embeddable":true,"href":"https:\/\/alicex.es\/tienda\/wp-json\/wp\/v2\/comments?post=32"}],"wp:featuredmedia":[{"embeddable":true,"href":"https:\/\/alicex.es\/tienda\/wp-json\/wp\/v2\/media\/1217"}],"wp:attachment":[{"href":"https:\/\/alicex.es\/tienda\/wp-json\/wp\/v2\/media?parent=32"}],"wp:term":[{"taxonomy":"product_brand","embeddable":true,"href":"https:\/\/alicex.es\/tienda\/wp-json\/wp\/v2\/product_brand?post=32"},{"taxonomy":"product_cat","embeddable":true,"href":"https:\/\/alicex.es\/tienda\/wp-json\/wp\/v2\/product_cat?post=32"},{"taxonomy":"product_tag","embeddable":true,"href":"https:\/\/alicex.es\/tienda\/wp-json\/wp\/v2\/product_tag?post=32"}],"curies":[{"name":"wp","href":"https:\/\/api.w.org\/{rel}","templated":true}]}}