{"id":292,"date":"2021-06-24T19:54:57","date_gmt":"2021-06-24T17:54:57","guid":{"rendered":"https:\/\/alicex.es\/tienda\/?post_type=product&#038;p=292"},"modified":"2025-05-22T20:17:54","modified_gmt":"2025-05-22T18:17:54","slug":"set-ensaladas-monodosis-jerecitos","status":"publish","type":"product","link":"https:\/\/alicex.es\/tienda\/producto\/set-ensaladas-monodosis-jerecitos\/","title":{"rendered":"Set ali\u00f1o ensaladas aceite vinagre sal monodosis Jerecitos"},"content":{"rendered":"<h4>Set ali\u00f1o ensaladas aceite vinagre sal monodosis Jerecitos<\/h4>\n<p>Uniendo comodidad y seguridad alimentaria ofrecemos este set de ali\u00f1o para ensaladas en monodosis individuales que cumple con los requisitos legales para su uso en hosteler\u00eda y restauraci\u00f3n.<\/p>\n<p>Contenido de cada set:<\/p>\n<ul>\n<li>Monodosis de aceite de oliva virgen extra de 14ml<\/li>\n<li>Monodosis de vinagre de 10ml<\/li>\n<li>Sobre de sal de 1g<\/li>\n<\/ul>\n<p>Unidad de venta:<\/p>\n<ul>\n<li>Caja con 100 set ali\u00f1o ensaladas aceite vinagre sal monodosis Jerecitos.<\/li>\n<\/ul>\n<p>Principalmente para uso profesional pero disponible tambi\u00e9n para particulares, este set de ali\u00f1o para ensaladas es la forma m\u00e1s higi\u00e9nica y econ\u00f3mica de resolver el problema de ali\u00f1ar ensaladas y platos en restaurantes, casas o fuera de casa.<\/p>\n<p>Monodosis con una capacidad suficiente para dar el toque de sabor que necesitan los platos sin ali\u00f1ar.<\/p>\n<p>Este set incluye un excelente <a href=\"http:\/\/alicex.es\/monodosis-aceite-oliva-virgen-extra-jerecitos\/\">aceite de oliva virgen extra<\/a> en un formato perfecto para usarlo cuando y donde quieras. Porque esa es la ventaja de las monodosis individuales, s\u00f3lo tienes que usar las que necesites.<\/p>\n<p>Tiene propiedades antbacterianas, mejora la salud intestinal, previene enfermedades graves, mejora las funciones cognitivas, previene la diabete tipo II, mejora la piel, ayuda a perder peso, ayuda al sisema inmunol\u00f3gico, &#8230;. <a href=\"https:\/\/psicologiaymente.com\/nutricion\/beneficios-propiedades-aceite-de-oliva\" rel=\"nofollow noopener\" target=\"_blank\">Leer m\u00e1s<\/a><\/p>\n<p><strong>Ficha T\u00e9cnica.<\/strong><\/p>\n<p>Ingredientes: Aceite de oliva virgen extra, vinagre y sal.<\/p>\n<p>Al\u00e9rgenos: Apto para todos.<\/p>\n<p><strong>Vida \u00fatil y condiciones de almacenamiento.<\/strong><\/p>\n<p>La fecha de consumo preferente es de 18 meses. No necesita fr\u00edo, mantener en un lugar fresco y seco.<\/p>\n<p><strong>Valores nutricionales por 100g.<\/strong><\/p>\n<p>Valor energ\u00e9tico\/Energy:<br \/>\n3.700Kcal \/ 900KJ<br \/>\nGrasas\/Fat: 100g<br \/>\nde las cuales:\/of which:<br \/>\nSaturadas\/Saturates: 18.88g<br \/>\nHidratos de carbono:\/<br \/>\nCarbohydrate: 0g<br \/>\nde las cuales:\/of which:<br \/>\nAzucares:\/Sugars: 0g<br \/>\nProteinas:\/Protein: 0g<br \/>\nFibra alimentaria:\/Fibre: 0g<br \/>\nSal:\/Salt: 0g<\/p>\n<p>&nbsp;<\/p>\n<p>Distribuidores y mayoristas interesados en este producto pueden contactar con nosotros a trav\u00e9s de este <a href=\"https:\/\/alicex.es\/contacto\/\">formulario<\/a> o llamando al +034 924 751 822.<\/p>\n","protected":false},"excerpt":{"rendered":"<p>Caja con 100 set de ali\u00f1o para ensaladas compuesto por monodosis de aceite de oliva virgen extra, vinagre y sal Jerecitos. Venta directa de f\u00e1brica. Precio final, impuestos y env\u00edo inclu\u00eddos.<\/p>\n<p>Consulta toda la informaci\u00f3n de este producto m\u00e1s abajo.<\/p>\n","protected":false},"featured_media":313,"comment_status":"open","ping_status":"closed","template":"","meta":{"site-sidebar-layout":"default","site-content-layout":"","ast-site-content-layout":"default","site-content-style":"default","site-sidebar-style":"default","ast-global-header-display":"","ast-banner-title-visibility":"","ast-main-header-display":"","ast-hfb-above-header-display":"","ast-hfb-below-header-display":"","ast-hfb-mobile-header-display":"","site-post-title":"","ast-breadcrumbs-content":"","ast-featured-img":"","footer-sml-layout":"","ast-disable-related-posts":"","theme-transparent-header-meta":"default","adv-header-id-meta":"","stick-header-meta":"","header-above-stick-meta":"","header-main-stick-meta":"","header-below-stick-meta":"","astra-migrate-meta-layouts":"set","ast-page-background-enabled":"default","ast-page-background-meta":{"desktop":{"background-color":"var(--ast-global-color-4)","background-image":"","background-repeat":"repeat","background-position":"center center","background-size":"auto","background-attachment":"scroll","background-type":"","background-media":"","overlay-type":"","overlay-color":"","overlay-opacity":"","overlay-gradient":""},"tablet":{"background-color":"","background-image":"","background-repeat":"repeat","background-position":"center center","background-size":"auto","background-attachment":"scroll","background-type":"","background-media":"","overlay-type":"","overlay-color":"","overlay-opacity":"","overlay-gradient":""},"mobile":{"background-color":"","background-image":"","background-repeat":"repeat","background-position":"center center","background-size":"auto","background-attachment":"scroll","background-type":"","background-media":"","overlay-type":"","overlay-color":"","overlay-opacity":"","overlay-gradient":""}},"ast-content-background-meta":{"desktop":{"background-color":"var(--ast-global-color-5)","background-image":"","background-repeat":"repeat","background-position":"center center","background-size":"auto","background-attachment":"scroll","background-type":"","background-media":"","overlay-type":"","overlay-color":"","overlay-opacity":"","overlay-gradient":""},"tablet":{"background-color":"var(--ast-global-color-5)","background-image":"","background-repeat":"repeat","background-position":"center center","background-size":"auto","background-attachment":"scroll","background-type":"","background-media":"","overlay-type":"","overlay-color":"","overlay-opacity":"","overlay-gradient":""},"mobile":{"background-color":"var(--ast-global-color-5)","background-image":"","background-repeat":"repeat","background-position":"center center","background-size":"auto","background-attachment":"scroll","background-type":"","background-media":"","overlay-type":"","overlay-color":"","overlay-opacity":"","overlay-gradient":""}}},"product_brand":[],"product_cat":[76],"product_tag":[18,20,47,48],"class_list":{"0":"post-292","1":"product","2":"type-product","3":"status-publish","4":"has-post-thumbnail","6":"product_cat-vegetales-monodosis","7":"product_tag-monodosis","8":"product_tag-jerecitos","9":"product_tag-alino","10":"product_tag-ensaladas","11":"product_shipping_class-envio-incluido","12":"desktop-align-left","13":"tablet-align-left","14":"mobile-align-left","16":"first","17":"outofstock","18":"featured","19":"shipping-taxable","20":"purchasable","21":"product-type-simple"},"blog_post_layout_featured_media_urls":{"thumbnail":["https:\/\/alicex.es\/tienda\/wp-content\/uploads\/2021\/06\/set-ensaladas-jerecitos-900px-150x150.jpg",150,150,true],"full":["https:\/\/alicex.es\/tienda\/wp-content\/uploads\/2021\/06\/set-ensaladas-jerecitos-900px.jpg",900,900,false]},"categories":null,"categories_names":null,"comments_number":"0","_links":{"self":[{"href":"https:\/\/alicex.es\/tienda\/wp-json\/wp\/v2\/product\/292","targetHints":{"allow":["GET"]}}],"collection":[{"href":"https:\/\/alicex.es\/tienda\/wp-json\/wp\/v2\/product"}],"about":[{"href":"https:\/\/alicex.es\/tienda\/wp-json\/wp\/v2\/types\/product"}],"replies":[{"embeddable":true,"href":"https:\/\/alicex.es\/tienda\/wp-json\/wp\/v2\/comments?post=292"}],"wp:featuredmedia":[{"embeddable":true,"href":"https:\/\/alicex.es\/tienda\/wp-json\/wp\/v2\/media\/313"}],"wp:attachment":[{"href":"https:\/\/alicex.es\/tienda\/wp-json\/wp\/v2\/media?parent=292"}],"wp:term":[{"taxonomy":"product_brand","embeddable":true,"href":"https:\/\/alicex.es\/tienda\/wp-json\/wp\/v2\/product_brand?post=292"},{"taxonomy":"product_cat","embeddable":true,"href":"https:\/\/alicex.es\/tienda\/wp-json\/wp\/v2\/product_cat?post=292"},{"taxonomy":"product_tag","embeddable":true,"href":"https:\/\/alicex.es\/tienda\/wp-json\/wp\/v2\/product_tag?post=292"}],"curies":[{"name":"wp","href":"https:\/\/api.w.org\/{rel}","templated":true}]}}