{"id":28,"date":"2021-01-30T17:58:19","date_gmt":"2021-01-30T16:58:19","guid":{"rendered":"https:\/\/alicex.es\/tienda\/?post_type=product&#038;p=28"},"modified":"2024-08-11T13:29:46","modified_gmt":"2024-08-11T11:29:46","slug":"surtido-monodosis-jerecitos-5pb45","status":"publish","type":"product","link":"https:\/\/alicex.es\/tienda\/producto\/surtido-monodosis-jerecitos-5pb45\/","title":{"rendered":"Surtido monodosis Jerecitos 5P bandeja 45 uds"},"content":{"rendered":"<h3><strong>Surtido de monodosis de pat\u00e9s Jerecitos 5P.<\/strong><\/h3>\n<p>Desayunar cada d\u00eda no tiene que ser algo mon\u00f3tono y aburrido. La comida m\u00e1s importante del d\u00eda merece ser disfrutada para empezar la jornada con energia y buen \u00e1nimo.<\/p>\n<p>Por qu\u00e9 untar todos los d\u00edas mantequilla en la tostada o mojar galletas de dos en dos o de tres en tres a diario, comer bollos o dulces llenos de azucar y grasas trans, cuando puedes disfrutar cada d\u00eda de un sabor y textura distinto.<\/p>\n<p>En este surtido de pat\u00e9s Jerecitos con 45 monodosis te ofrecemos los 5 productos m\u00e1s demandados por el p\u00fablico en cafeter\u00edas, colegios, universidades, medios de transportes y caterings.<\/p>\n<p>El surtido contiene 9 unidades de cada producto:<\/p>\n<p><a href=\"https:\/\/alicex.es\/tienda\/producto\/monodosis-pate-iberico-jerecitos-b45ca\/\"><strong>Pat\u00e9 ib\u00e9rico<\/strong><\/a>: Elaborado con jam\u00f3n, h\u00edgado y manteca de cerdo ib\u00e9rico, especias naturales y el saber hacer de la tradicional matanza extreme\u00f1a.Tiene una textura fina, un agradable aroma a especias y un excelente sabor.<\/p>\n<p><a href=\"https:\/\/alicex.es\/tienda\/producto\/monodosis-cachuela-iberica-jerecitos-b45ca\/\"><strong>Cachuela ib\u00e9rica<\/strong><\/a>: T\u00edpico del sur de Extremadura (caldillo) y la zona m\u00e1s cercana de Andaluc\u00eda. Receta casera. Elaborado con h\u00edgado y manteca de cerdo ib\u00e9rico, guisado con ajo, cebolla, piment\u00f3n y especias naturales. Su aroma y sabor son exquisitos.<\/p>\n<p><a href=\"https:\/\/alicex.es\/tienda\/producto\/monodosis-jamon-curado-jerecitos-b45ca\/\"><strong>Jam\u00f3n curado<\/strong><\/a>: Untar y disfrutar con el sabor del jam\u00f3n ib\u00e9rico de Extremadura en cada bocado que des a tu tostada.<\/p>\n<p><a href=\"https:\/\/alicex.es\/tienda\/producto\/monodosis-jamon-york-jerecitos-b45ca\/\"><strong>Crema de jam\u00f3n york<\/strong><\/a>: A partir del mejor jam\u00f3n dulce elaboramos esta deliciosa mousse para untar en tostadas. Tiene una textura fina, un agradable aroma a especias y un sabor exquisito.<\/p>\n<p><a href=\"https:\/\/alicex.es\/tienda\/producto\/monodosis-crema-pavo-jerecitos-b45ca\/\"><strong>Crema de pavo<\/strong><\/a>: Exquisita crema de pavo para untar en tostadas, suave al paladar, con muy poca grasa y un agradable aroma a especias.<\/p>\n<p>Todos nuestros productos son <strong><em>SIN GLUTEN<\/em><\/strong><\/p>\n","protected":false},"excerpt":{"rendered":"<p>Surtido con 45 monodosis para desayunos de pat\u00e9s y cremas Jerecitos. Compuesto por 9 monodosis de cada producto. Pat\u00e9 Ib\u00e9rico, Cachuela Ib\u00e9rica, Crema de York, Crema de Pavo y Jam\u00f3n Curado. Precio final, impuestos y env\u00edo inclu\u00eddos.<\/p>\n","protected":false},"featured_media":1232,"comment_status":"open","ping_status":"closed","template":"","meta":{"site-sidebar-layout":"default","site-content-layout":"","ast-site-content-layout":"default","site-content-style":"default","site-sidebar-style":"default","ast-global-header-display":"","ast-banner-title-visibility":"","ast-main-header-display":"","ast-hfb-above-header-display":"","ast-hfb-below-header-display":"","ast-hfb-mobile-header-display":"","site-post-title":"","ast-breadcrumbs-content":"","ast-featured-img":"","footer-sml-layout":"","ast-disable-related-posts":"","theme-transparent-header-meta":"","adv-header-id-meta":"","stick-header-meta":"","header-above-stick-meta":"","header-main-stick-meta":"","header-below-stick-meta":"","astra-migrate-meta-layouts":"default","ast-page-background-enabled":"default","ast-page-background-meta":{"desktop":{"background-color":"var(--ast-global-color-4)","background-image":"","background-repeat":"repeat","background-position":"center center","background-size":"auto","background-attachment":"scroll","background-type":"","background-media":"","overlay-type":"","overlay-color":"","overlay-opacity":"","overlay-gradient":""},"tablet":{"background-color":"","background-image":"","background-repeat":"repeat","background-position":"center center","background-size":"auto","background-attachment":"scroll","background-type":"","background-media":"","overlay-type":"","overlay-color":"","overlay-opacity":"","overlay-gradient":""},"mobile":{"background-color":"","background-image":"","background-repeat":"repeat","background-position":"center center","background-size":"auto","background-attachment":"scroll","background-type":"","background-media":"","overlay-type":"","overlay-color":"","overlay-opacity":"","overlay-gradient":""}},"ast-content-background-meta":{"desktop":{"background-color":"var(--ast-global-color-5)","background-image":"","background-repeat":"repeat","background-position":"center center","background-size":"auto","background-attachment":"scroll","background-type":"","background-media":"","overlay-type":"","overlay-color":"","overlay-opacity":"","overlay-gradient":""},"tablet":{"background-color":"var(--ast-global-color-5)","background-image":"","background-repeat":"repeat","background-position":"center center","background-size":"auto","background-attachment":"scroll","background-type":"","background-media":"","overlay-type":"","overlay-color":"","overlay-opacity":"","overlay-gradient":""},"mobile":{"background-color":"var(--ast-global-color-5)","background-image":"","background-repeat":"repeat","background-position":"center center","background-size":"auto","background-attachment":"scroll","background-type":"","background-media":"","overlay-type":"","overlay-color":"","overlay-opacity":"","overlay-gradient":""}}},"product_brand":[],"product_cat":[80],"product_tag":[18,19,20],"class_list":{"0":"post-28","1":"product","2":"type-product","3":"status-publish","4":"has-post-thumbnail","6":"product_cat-surtidos-monodosis","7":"product_tag-monodosis","8":"product_tag-surtido","9":"product_tag-jerecitos","10":"product_shipping_class-envio-incluido","11":"desktop-align-left","12":"tablet-align-left","13":"mobile-align-left","15":"first","16":"instock","17":"shipping-taxable","18":"purchasable","19":"product-type-simple"},"blog_post_layout_featured_media_urls":{"thumbnail":["https:\/\/alicex.es\/tienda\/wp-content\/uploads\/2021\/01\/surtido-5p-jerecitos-ar-v24-900px-150x150.jpg",150,150,true],"full":["https:\/\/alicex.es\/tienda\/wp-content\/uploads\/2021\/01\/surtido-5p-jerecitos-ar-v24-900px.jpg",900,900,false]},"categories":null,"categories_names":null,"comments_number":"0","_links":{"self":[{"href":"https:\/\/alicex.es\/tienda\/wp-json\/wp\/v2\/product\/28","targetHints":{"allow":["GET"]}}],"collection":[{"href":"https:\/\/alicex.es\/tienda\/wp-json\/wp\/v2\/product"}],"about":[{"href":"https:\/\/alicex.es\/tienda\/wp-json\/wp\/v2\/types\/product"}],"replies":[{"embeddable":true,"href":"https:\/\/alicex.es\/tienda\/wp-json\/wp\/v2\/comments?post=28"}],"wp:featuredmedia":[{"embeddable":true,"href":"https:\/\/alicex.es\/tienda\/wp-json\/wp\/v2\/media\/1232"}],"wp:attachment":[{"href":"https:\/\/alicex.es\/tienda\/wp-json\/wp\/v2\/media?parent=28"}],"wp:term":[{"taxonomy":"product_brand","embeddable":true,"href":"https:\/\/alicex.es\/tienda\/wp-json\/wp\/v2\/product_brand?post=28"},{"taxonomy":"product_cat","embeddable":true,"href":"https:\/\/alicex.es\/tienda\/wp-json\/wp\/v2\/product_cat?post=28"},{"taxonomy":"product_tag","embeddable":true,"href":"https:\/\/alicex.es\/tienda\/wp-json\/wp\/v2\/product_tag?post=28"}],"curies":[{"name":"wp","href":"https:\/\/api.w.org\/{rel}","templated":true}]}}